{"id":4973,"date":"2025-01-06T19:04:21","date_gmt":"2025-01-06T19:04:21","guid":{"rendered":"https:\/\/jbvillasbali.com\/tagesausflug-zu-den-delfinen-in-der-lovina-bucht\/"},"modified":"2025-01-06T19:07:29","modified_gmt":"2025-01-06T19:07:29","slug":"tagesausflug-zu-den-delfinen-in-der-lovina-bucht__trashed","status":"publish","type":"page","link":"https:\/\/jbvillasbali.com\/de\/aktivitaeten__trashed\/tagesausflug-zu-den-delfinen-in-der-lovina-bucht__trashed\/","title":{"rendered":"Tagesausflug zu den Delfinen in der Lovina-Bucht"},"content":{"rendered":"\t\t<div data-elementor-type=\"wp-page\" data-elementor-id=\"4973\" class=\"elementor elementor-4973 elementor-4969\" data-elementor-post-type=\"page\">\n\t\t\t\t<div class=\"elementor-element elementor-element-94939b1 e-flex e-con-boxed e-con e-parent\" data-id=\"94939b1\" data-element_type=\"container\">\n\t\t\t\t\t<div class=\"e-con-inner\">\n\t\t\t\t<div class=\"elementor-element elementor-element-067bb1b elementor-arrows-position-inside elementor-widget elementor-widget-image-carousel\" data-id=\"067bb1b\" data-element_type=\"widget\" data-settings=\"{&quot;slides_to_show&quot;:&quot;1&quot;,&quot;navigation&quot;:&quot;arrows&quot;,&quot;autoplay&quot;:&quot;yes&quot;,&quot;pause_on_hover&quot;:&quot;yes&quot;,&quot;pause_on_interaction&quot;:&quot;yes&quot;,&quot;autoplay_speed&quot;:5000,&quot;infinite&quot;:&quot;yes&quot;,&quot;effect&quot;:&quot;slide&quot;,&quot;speed&quot;:500}\" data-widget_type=\"image-carousel.default\">\n\t\t\t\t<div class=\"elementor-widget-container\">\n\t\t\t\t\t\t\t<div class=\"elementor-image-carousel-wrapper swiper\" role=\"region\" aria-roledescription=\"carousel\" aria-label=\"Image Carousel\" dir=\"ltr\">\n\t\t\t<div class=\"elementor-image-carousel swiper-wrapper\" aria-live=\"off\">\n\t\t\t\t\t\t\t\t<div class=\"swiper-slide\" role=\"group\" aria-roledescription=\"slide\" aria-label=\"1 von 2\"><a data-elementor-open-lightbox=\"yes\" data-elementor-lightbox-slideshow=\"067bb1b\" data-elementor-lightbox-title=\"delfini\" data-e-action-hash=\"#elementor-action%3Aaction%3Dlightbox%26settings%3DeyJpZCI6NTE1NSwidXJsIjoiaHR0cHM6XC9cL2pidmlsbGFzYmFsaS5jb21cL3dwLWNvbnRlbnRcL3VwbG9hZHNcLzIwMjVcLzAxXC9kZWxmaW5pLXNjYWxlZC5qcGciLCJzbGlkZXNob3ciOiIwNjdiYjFiIn0%3D\" href=\"https:\/\/i0.wp.com\/jbvillasbali.com\/wp-content\/uploads\/2025\/01\/delfini-scaled.jpg?ssl=1\"><figure class=\"swiper-slide-inner\"><img decoding=\"async\" class=\"swiper-slide-image\" src=\"https:\/\/i0.wp.com\/jbvillasbali.com\/wp-content\/uploads\/2025\/01\/delfini-scaled.jpg?fit=2560%2C1272&amp;ssl=1\" alt=\"delfini\" \/><\/figure><\/a><\/div><div class=\"swiper-slide\" role=\"group\" aria-roledescription=\"slide\" aria-label=\"2 von 2\"><a data-elementor-open-lightbox=\"yes\" data-elementor-lightbox-slideshow=\"067bb1b\" data-elementor-lightbox-title=\"Screenshot 2025-01-05 at 16.41.29-02\" data-e-action-hash=\"#elementor-action%3Aaction%3Dlightbox%26settings%3DeyJpZCI6NTE3MSwidXJsIjoiaHR0cHM6XC9cL2pidmlsbGFzYmFsaS5jb21cL3dwLWNvbnRlbnRcL3VwbG9hZHNcLzIwMjVcLzAxXC9TY3JlZW5zaG90LTIwMjUtMDEtMDUtYXQtMTYuNDEuMjktMDItc2NhbGVkLmpwZyIsInNsaWRlc2hvdyI6IjA2N2JiMWIifQ%3D%3D\" href=\"https:\/\/i0.wp.com\/jbvillasbali.com\/wp-content\/uploads\/2025\/01\/Screenshot-2025-01-05-at-16.41.29-02-scaled.jpg?ssl=1\"><figure class=\"swiper-slide-inner\"><img decoding=\"async\" class=\"swiper-slide-image\" src=\"https:\/\/i0.wp.com\/jbvillasbali.com\/wp-content\/uploads\/2025\/01\/Screenshot-2025-01-05-at-16.41.29-02-scaled.jpg?fit=2560%2C1273&amp;ssl=1\" alt=\"Screenshot 2025-01-05 at 16.41.29-02\" \/><\/figure><\/a><\/div>\t\t\t<\/div>\n\t\t\t\t\t\t\t\t\t\t\t\t<div class=\"elementor-swiper-button elementor-swiper-button-prev\" role=\"button\" tabindex=\"0\">\n\t\t\t\t\t\t<svg aria-hidden=\"true\" class=\"e-font-icon-svg e-eicon-chevron-left\" viewBox=\"0 0 1000 1000\" xmlns=\"http:\/\/www.w3.org\/2000\/svg\"><path d=\"M646 125C629 125 613 133 604 142L308 442C296 454 292 471 292 487 292 504 296 521 308 533L604 854C617 867 629 875 646 875 663 875 679 871 692 858 704 846 713 829 713 812 713 796 708 779 692 767L438 487 692 225C700 217 708 204 708 187 708 171 704 154 692 142 675 129 663 125 646 125Z\"><\/path><\/svg>\t\t\t\t\t<\/div>\n\t\t\t\t\t<div class=\"elementor-swiper-button elementor-swiper-button-next\" role=\"button\" tabindex=\"0\">\n\t\t\t\t\t\t<svg aria-hidden=\"true\" class=\"e-font-icon-svg e-eicon-chevron-right\" viewBox=\"0 0 1000 1000\" xmlns=\"http:\/\/www.w3.org\/2000\/svg\"><path d=\"M696 533C708 521 713 504 713 487 713 471 708 454 696 446L400 146C388 133 375 125 354 125 338 125 325 129 313 142 300 154 292 171 292 187 292 204 296 221 308 233L563 492 304 771C292 783 288 800 288 817 288 833 296 850 308 863 321 871 338 875 354 875 371 875 388 867 400 854L696 533Z\"><\/path><\/svg>\t\t\t\t\t<\/div>\n\t\t\t\t\n\t\t\t\t\t\t\t\t\t<\/div>\n\t\t\t\t\t\t<\/div>\n\t\t\t\t<\/div>\n\t\t\t\t\t<\/div>\n\t\t\t\t<\/div>\n\t\t<div class=\"elementor-element elementor-element-377af45 e-flex e-con-boxed e-con e-parent\" data-id=\"377af45\" data-element_type=\"container\">\n\t\t\t\t\t<div class=\"e-con-inner\">\n\t\t<div class=\"elementor-element elementor-element-6199928 e-con-full e-flex e-con e-child\" data-id=\"6199928\" data-element_type=\"container\">\n\t\t\t\t<div class=\"elementor-element elementor-element-3a148f2 elementor-widget elementor-widget-heading\" data-id=\"3a148f2\" data-element_type=\"widget\" data-widget_type=\"heading.default\">\n\t\t\t\t<div class=\"elementor-widget-container\">\n\t\t\t\t\t<h2 class=\"elementor-heading-title elementor-size-default\">Standort: Lovina Bay, Nord Bali<\/h2>\t\t\t\t<\/div>\n\t\t\t\t<\/div>\n\t\t\t\t<div class=\"elementor-element elementor-element-6e0d18e elementor-widget elementor-widget-text-editor\" data-id=\"6e0d18e\" data-element_type=\"widget\" data-widget_type=\"text-editor.default\">\n\t\t\t\t<div class=\"elementor-widget-container\">\n\t\t\t\t\t\t\t\t\t<p>Die Lovina Bay auf Bali ist bekannt f\u00fcr ihre Delfinbeobachtungstouren. Die Bucht an der Nordk\u00fcste von Bali ist besonders ber\u00fchmt f\u00fcr ihre relativ ruhigen Gew\u00e4sser und die Anwesenheit von wilden Delfinen, insbesondere der Indopazifischen Gro\u00dfen T\u00fcmmler. Die ruhige Umgebung und die Anwesenheit der Delfine machen die Gegend zu einem einzigartigen Ort f\u00fcr Tierbeobachtungen. Lovina selbst ist im Vergleich zu den s\u00fcdlichen Teilen von Bali ruhiger und weniger kommerzialisiert und bietet eine entspanntere Atmosph\u00e4re.<\/p>\n\t\t\t\t\t\t\t\t<\/div>\n\t\t\t\t<\/div>\n\t\t\t\t<\/div>\n\t\t\t\t\t<\/div>\n\t\t\t\t<\/div>\n\t\t<div class=\"elementor-element elementor-element-e75d631 e-flex e-con-boxed e-con e-parent\" data-id=\"e75d631\" data-element_type=\"container\">\n\t\t\t\t\t<div class=\"e-con-inner\">\n\t\t<div class=\"elementor-element elementor-element-f397242 e-con-full e-flex e-con e-child\" data-id=\"f397242\" data-element_type=\"container\">\n\t\t\t\t<div class=\"elementor-element elementor-element-3b1127f elementor-widget elementor-widget-text-editor\" data-id=\"3b1127f\" data-element_type=\"widget\" data-widget_type=\"text-editor.default\">\n\t\t\t\t<div class=\"elementor-widget-container\">\n\t\t\t\t\t\t\t\t\t<p>Die Delfinbeobachtung hier f\u00f6rdert eine respektvolle Beobachtung der Wildtiere. Es werden laufend Bem\u00fchungen zur F\u00f6rderung verantwortungsvoller Tourismuspraktiken unternommen, um sicherzustellen, dass sowohl die Delfine als auch die lokalen Gemeinden nachhaltig von dieser Aktivit\u00e4t profitieren.<\/p>\n\t\t\t\t\t\t\t\t<\/div>\n\t\t\t\t<\/div>\n\t\t\t\t<div class=\"elementor-element elementor-element-c319f7a elementor-widget-divider--view-line elementor-widget elementor-widget-divider\" data-id=\"c319f7a\" data-element_type=\"widget\" data-widget_type=\"divider.default\">\n\t\t\t\t<div class=\"elementor-widget-container\">\n\t\t\t\t\t\t\t<div class=\"elementor-divider\">\n\t\t\t<span class=\"elementor-divider-separator\">\n\t\t\t\t\t\t<\/span>\n\t\t<\/div>\n\t\t\t\t\t\t<\/div>\n\t\t\t\t<\/div>\n\t\t\t\t<\/div>\n\t\t\t\t\t<\/div>\n\t\t\t\t<\/div>\n\t\t<div class=\"elementor-element elementor-element-5b16e3b e-flex e-con-boxed e-con e-parent\" data-id=\"5b16e3b\" data-element_type=\"container\">\n\t\t\t\t\t<div class=\"e-con-inner\">\n\t\t<div class=\"elementor-element elementor-element-1b04bb5 e-con-full e-flex e-con e-child\" data-id=\"1b04bb5\" data-element_type=\"container\">\n\t\t\t\t<div class=\"elementor-element elementor-element-91631de elementor-widget elementor-widget-heading\" data-id=\"91631de\" data-element_type=\"widget\" data-widget_type=\"heading.default\">\n\t\t\t\t<div class=\"elementor-widget-container\">\n\t\t\t\t\t<h2 class=\"elementor-heading-title elementor-size-default\">Die Erfahrung<\/h2>\t\t\t\t<\/div>\n\t\t\t\t<\/div>\n\t\t\t\t<div class=\"elementor-element elementor-element-70be4bc elementor-widget elementor-widget-text-editor\" data-id=\"70be4bc\" data-element_type=\"widget\" data-widget_type=\"text-editor.default\">\n\t\t\t\t<div class=\"elementor-widget-container\">\n\t\t\t\t\t\t\t\t\t<ol>\n<li><strong>Reisen:<\/strong> Diese Touren finden in der Regel fr\u00fch am Morgen statt, da es dann noch nicht zu hei\u00df ist. Ein Fahrer holt Sie gegen 3 Uhr morgens von unserer Villa ab und bringt Sie zur Lovina Bay, die etwa 2 Stunden und 45 Minuten entfernt liegt. Sie k\u00f6nnen im Auto schlafen und wenn Sie in Lovina Bay ankommen, wird die Sonne gerade am Horizont aufgehen.<\/li>\n<li><strong>Die Bootsfahrt hinaus in die Bucht:<\/strong> Diese dauert in der Regel etwa 40 Minuten. Der Bootsfahrer f\u00e4hrt mit Ihnen in die Mitte der Bucht hinaus, wo jeder versuchen wird, die Delfine zu sehen, die ins Wasser springen. Versuchen Sie, mit der Hand im Wasser zu winken, wenn Sie die Untiefen des Ufers verlassen, denn hier gibt es winziges Plankton, das in verschiedenen Farben aufleuchtet, wenn es gest\u00f6rt wird.<\/li>\n<\/ol>\t\t\t\t\t\t\t\t<\/div>\n\t\t\t\t<\/div>\n\t\t\t\t<\/div>\n\t\t\t\t\t<\/div>\n\t\t\t\t<\/div>\n\t\t<div class=\"elementor-element elementor-element-a2779dc e-flex e-con-boxed e-con e-parent\" data-id=\"a2779dc\" data-element_type=\"container\">\n\t\t\t\t\t<div class=\"e-con-inner\">\n\t\t<div class=\"elementor-element elementor-element-3ec41dc e-con-full e-flex e-con e-child\" data-id=\"3ec41dc\" data-element_type=\"container\">\n\t\t\t\t<div class=\"elementor-element elementor-element-c501c3c elementor-widget elementor-widget-text-editor\" data-id=\"c501c3c\" data-element_type=\"widget\" data-widget_type=\"text-editor.default\">\n\t\t\t\t<div class=\"elementor-widget-container\">\n\t\t\t\t\t\t\t\t\t<ol>\n<li><strong>Delfine gesichtet!!<\/strong> Sobald die Delfine gesichtet wurden, f\u00e4hrt der Skipper in einer Linie mit den Delfinen und stellt dann den Motor ab, damit Sie an den Delfinen entlanggleiten. Wenn Sie m\u00f6chten, k\u00f6nnen Sie eine Schnorchelmaske aufsetzen und sich an einem Flaschenzug an der Seite des Bootes festhalten (wie im Bild gezeigt). Sie k\u00f6nnen den Delfinen ganz nahe kommen, w\u00e4hrend sie sich in ihrer nat\u00fcrlichen Umgebung vergn\u00fcgen.<\/li>\n<li><strong style=\"font-size: revert;\">Dauer:<\/strong><span style=\"font-size: revert;\"> Diese Tour wird etwa 2 Stunden dauern. Sobald die Sonne aufgeht und die Temperatur steigt, fahren Sie zur\u00fcck in die Untiefen.<\/span><\/li>\n<\/ol>\t\t\t\t\t\t\t\t<\/div>\n\t\t\t\t<\/div>\n\t\t\t\t<\/div>\n\t\t<div class=\"elementor-element elementor-element-5071d31 e-con-full e-flex e-con e-child\" data-id=\"5071d31\" data-element_type=\"container\" data-settings=\"{&quot;background_background&quot;:&quot;classic&quot;}\">\n\t\t\t\t<div class=\"elementor-element elementor-element-948e6f7 elementor-widget elementor-widget-image\" data-id=\"948e6f7\" data-element_type=\"widget\" data-widget_type=\"image.default\">\n\t\t\t\t<div class=\"elementor-widget-container\">\n\t\t\t\t\t\t\t\t\t\t\t\t\t\t\t<img fetchpriority=\"high\" decoding=\"async\" data-attachment-id=\"3335\" data-permalink=\"https:\/\/jbvillasbali.com\/de\/aktivitaeten__trashed\/tagesausflug-zu-den-delfinen-in-der-lovina-bucht__trashed\/screenshot-2024-05-18-at-11-58-01-png-01-2-3\/\" data-orig-file=\"https:\/\/i0.wp.com\/jbvillasbali.com\/wp-content\/uploads\/2024\/12\/Screenshot-2024-05-18-at-11.58.01.png-01-1.webp?fit=769%2C521&amp;ssl=1\" data-orig-size=\"769,521\" data-comments-opened=\"1\" data-image-meta=\"{&quot;aperture&quot;:&quot;0&quot;,&quot;credit&quot;:&quot;&quot;,&quot;camera&quot;:&quot;&quot;,&quot;caption&quot;:&quot;&quot;,&quot;created_timestamp&quot;:&quot;0&quot;,&quot;copyright&quot;:&quot;&quot;,&quot;focal_length&quot;:&quot;0&quot;,&quot;iso&quot;:&quot;0&quot;,&quot;shutter_speed&quot;:&quot;0&quot;,&quot;title&quot;:&quot;&quot;,&quot;orientation&quot;:&quot;0&quot;}\" data-image-title=\"Screenshot-2024-05-18-at-11.58.01.png-01\" data-image-description=\"\" data-image-caption=\"\" data-medium-file=\"https:\/\/i0.wp.com\/jbvillasbali.com\/wp-content\/uploads\/2024\/12\/Screenshot-2024-05-18-at-11.58.01.png-01-1.webp?fit=300%2C203&amp;ssl=1\" data-large-file=\"https:\/\/i0.wp.com\/jbvillasbali.com\/wp-content\/uploads\/2024\/12\/Screenshot-2024-05-18-at-11.58.01.png-01-1.webp?fit=769%2C521&amp;ssl=1\" width=\"769\" height=\"521\" src=\"https:\/\/i0.wp.com\/jbvillasbali.com\/wp-content\/uploads\/2024\/12\/Screenshot-2024-05-18-at-11.58.01.png-01-1.webp?fit=769%2C521&amp;ssl=1\" class=\"attachment-large size-large wp-image-3335\" alt=\"\" srcset=\"https:\/\/i0.wp.com\/jbvillasbali.com\/wp-content\/uploads\/2024\/12\/Screenshot-2024-05-18-at-11.58.01.png-01-1.webp?w=769&amp;ssl=1 769w, https:\/\/i0.wp.com\/jbvillasbali.com\/wp-content\/uploads\/2024\/12\/Screenshot-2024-05-18-at-11.58.01.png-01-1.webp?resize=300%2C203&amp;ssl=1 300w, https:\/\/i0.wp.com\/jbvillasbali.com\/wp-content\/uploads\/2024\/12\/Screenshot-2024-05-18-at-11.58.01.png-01-1.webp?resize=712%2C482&amp;ssl=1 712w\" sizes=\"(max-width: 769px) 100vw, 769px\" data-attachment-id=\"3335\" data-permalink=\"https:\/\/jbvillasbali.com\/de\/aktivitaeten__trashed\/tagesausflug-zu-den-delfinen-in-der-lovina-bucht__trashed\/screenshot-2024-05-18-at-11-58-01-png-01-2-3\/\" data-orig-file=\"https:\/\/i0.wp.com\/jbvillasbali.com\/wp-content\/uploads\/2024\/12\/Screenshot-2024-05-18-at-11.58.01.png-01-1.webp?fit=769%2C521&amp;ssl=1\" data-orig-size=\"769,521\" data-comments-opened=\"1\" data-image-meta=\"{&quot;aperture&quot;:&quot;0&quot;,&quot;credit&quot;:&quot;&quot;,&quot;camera&quot;:&quot;&quot;,&quot;caption&quot;:&quot;&quot;,&quot;created_timestamp&quot;:&quot;0&quot;,&quot;copyright&quot;:&quot;&quot;,&quot;focal_length&quot;:&quot;0&quot;,&quot;iso&quot;:&quot;0&quot;,&quot;shutter_speed&quot;:&quot;0&quot;,&quot;title&quot;:&quot;&quot;,&quot;orientation&quot;:&quot;0&quot;}\" data-image-title=\"Screenshot-2024-05-18-at-11.58.01.png-01\" data-image-description=\"\" data-image-caption=\"\" data-medium-file=\"https:\/\/i0.wp.com\/jbvillasbali.com\/wp-content\/uploads\/2024\/12\/Screenshot-2024-05-18-at-11.58.01.png-01-1.webp?fit=300%2C203&amp;ssl=1\" data-large-file=\"https:\/\/i0.wp.com\/jbvillasbali.com\/wp-content\/uploads\/2024\/12\/Screenshot-2024-05-18-at-11.58.01.png-01-1.webp?fit=769%2C521&amp;ssl=1\" \/>\t\t\t\t\t\t\t\t\t\t\t\t\t\t\t<\/div>\n\t\t\t\t<\/div>\n\t\t\t\t<\/div>\n\t\t\t\t\t<\/div>\n\t\t\t\t<\/div>\n\t\t<div class=\"elementor-element elementor-element-b4f4a14 e-flex e-con-boxed e-con e-parent\" data-id=\"b4f4a14\" data-element_type=\"container\">\n\t\t\t\t\t<div class=\"e-con-inner\">\n\t\t<div class=\"elementor-element elementor-element-d97334d e-con-full e-flex e-con e-child\" data-id=\"d97334d\" data-element_type=\"container\">\n\t\t\t\t<div class=\"elementor-element elementor-element-7f8e7dd elementor-widget elementor-widget-text-editor\" data-id=\"7f8e7dd\" data-element_type=\"widget\" data-widget_type=\"text-editor.default\">\n\t\t\t\t<div class=\"elementor-widget-container\">\n\t\t\t\t\t\t\t\t\t<ol>\n<li><strong>Schnorcheln in den Untiefen:<\/strong> Wenn Sie m\u00f6chten, k\u00f6nnen Sie auch einen Blick auf die vielen Fische und Korallen werfen, die sich in den Untiefen der Bucht befinden.<\/li>\n<li><strong>Weitere Aktivit\u00e4ten:<\/strong> Sobald Sie wieder an der K\u00fcste sind, was gegen 11 Uhr der Fall sein sollte, haben Sie die Wahl, zur\u00fcck zur Villa zu fahren oder die Zeit und den Fahrer zu nutzen, um eine der vielen anderen Attraktionen im Norden Balis zu besuchen, einschlie\u00dflich, aber nicht beschr\u00e4nkt auf: <br>Erdbeerpfl\u00fccken in den Bergen, Sekumpul Wasserfall, Git Git Wasserf\u00e4lle, Ulun Danu Brata, Handara Gate, Banjar Hot Springs.<\/li>\n<\/ol>\t\t\t\t\t\t\t\t<\/div>\n\t\t\t\t<\/div>\n\t\t\t\t<\/div>\n\t\t<div class=\"elementor-element elementor-element-df0c083 e-con-full e-flex e-con e-child\" data-id=\"df0c083\" data-element_type=\"container\" data-settings=\"{&quot;background_background&quot;:&quot;classic&quot;}\">\n\t\t\t\t<div class=\"elementor-element elementor-element-e2ed358 elementor-widget elementor-widget-image\" data-id=\"e2ed358\" data-element_type=\"widget\" data-widget_type=\"image.default\">\n\t\t\t\t<div class=\"elementor-widget-container\">\n\t\t\t\t\t\t\t\t\t\t\t\t\t\t\t<img decoding=\"async\" data-attachment-id=\"3337\" data-permalink=\"https:\/\/jbvillasbali.com\/de\/aktivitaeten__trashed\/tagesausflug-zu-den-delfinen-in-der-lovina-bucht__trashed\/screenshot-2024-05-18-at-11-58-01-png-01-3-3\/\" data-orig-file=\"https:\/\/i0.wp.com\/jbvillasbali.com\/wp-content\/uploads\/2024\/12\/Screenshot-2024-05-18-at-11.58.01.png-01-2.webp?fit=769%2C521&amp;ssl=1\" data-orig-size=\"769,521\" data-comments-opened=\"1\" data-image-meta=\"{&quot;aperture&quot;:&quot;0&quot;,&quot;credit&quot;:&quot;&quot;,&quot;camera&quot;:&quot;&quot;,&quot;caption&quot;:&quot;&quot;,&quot;created_timestamp&quot;:&quot;0&quot;,&quot;copyright&quot;:&quot;&quot;,&quot;focal_length&quot;:&quot;0&quot;,&quot;iso&quot;:&quot;0&quot;,&quot;shutter_speed&quot;:&quot;0&quot;,&quot;title&quot;:&quot;&quot;,&quot;orientation&quot;:&quot;0&quot;}\" data-image-title=\"Screenshot-2024-05-18-at-11.58.01.png-01\" data-image-description=\"\" data-image-caption=\"\" data-medium-file=\"https:\/\/i0.wp.com\/jbvillasbali.com\/wp-content\/uploads\/2024\/12\/Screenshot-2024-05-18-at-11.58.01.png-01-2.webp?fit=300%2C203&amp;ssl=1\" data-large-file=\"https:\/\/i0.wp.com\/jbvillasbali.com\/wp-content\/uploads\/2024\/12\/Screenshot-2024-05-18-at-11.58.01.png-01-2.webp?fit=769%2C521&amp;ssl=1\" width=\"769\" height=\"521\" src=\"https:\/\/i0.wp.com\/jbvillasbali.com\/wp-content\/uploads\/2024\/12\/Screenshot-2024-05-18-at-11.58.01.png-01-2.webp?fit=769%2C521&amp;ssl=1\" class=\"attachment-large size-large wp-image-3337\" alt=\"\" srcset=\"https:\/\/i0.wp.com\/jbvillasbali.com\/wp-content\/uploads\/2024\/12\/Screenshot-2024-05-18-at-11.58.01.png-01-2.webp?w=769&amp;ssl=1 769w, https:\/\/i0.wp.com\/jbvillasbali.com\/wp-content\/uploads\/2024\/12\/Screenshot-2024-05-18-at-11.58.01.png-01-2.webp?resize=300%2C203&amp;ssl=1 300w, https:\/\/i0.wp.com\/jbvillasbali.com\/wp-content\/uploads\/2024\/12\/Screenshot-2024-05-18-at-11.58.01.png-01-2.webp?resize=712%2C482&amp;ssl=1 712w\" sizes=\"(max-width: 769px) 100vw, 769px\" data-attachment-id=\"3337\" data-permalink=\"https:\/\/jbvillasbali.com\/de\/aktivitaeten__trashed\/tagesausflug-zu-den-delfinen-in-der-lovina-bucht__trashed\/screenshot-2024-05-18-at-11-58-01-png-01-3-3\/\" data-orig-file=\"https:\/\/i0.wp.com\/jbvillasbali.com\/wp-content\/uploads\/2024\/12\/Screenshot-2024-05-18-at-11.58.01.png-01-2.webp?fit=769%2C521&amp;ssl=1\" data-orig-size=\"769,521\" data-comments-opened=\"1\" data-image-meta=\"{&quot;aperture&quot;:&quot;0&quot;,&quot;credit&quot;:&quot;&quot;,&quot;camera&quot;:&quot;&quot;,&quot;caption&quot;:&quot;&quot;,&quot;created_timestamp&quot;:&quot;0&quot;,&quot;copyright&quot;:&quot;&quot;,&quot;focal_length&quot;:&quot;0&quot;,&quot;iso&quot;:&quot;0&quot;,&quot;shutter_speed&quot;:&quot;0&quot;,&quot;title&quot;:&quot;&quot;,&quot;orientation&quot;:&quot;0&quot;}\" data-image-title=\"Screenshot-2024-05-18-at-11.58.01.png-01\" data-image-description=\"\" data-image-caption=\"\" data-medium-file=\"https:\/\/i0.wp.com\/jbvillasbali.com\/wp-content\/uploads\/2024\/12\/Screenshot-2024-05-18-at-11.58.01.png-01-2.webp?fit=300%2C203&amp;ssl=1\" data-large-file=\"https:\/\/i0.wp.com\/jbvillasbali.com\/wp-content\/uploads\/2024\/12\/Screenshot-2024-05-18-at-11.58.01.png-01-2.webp?fit=769%2C521&amp;ssl=1\" \/>\t\t\t\t\t\t\t\t\t\t\t\t\t\t\t<\/div>\n\t\t\t\t<\/div>\n\t\t\t\t<\/div>\n\t\t\t\t\t<\/div>\n\t\t\t\t<\/div>\n\t\t<div class=\"elementor-element elementor-element-d502965 e-flex e-con-boxed e-con e-parent\" data-id=\"d502965\" data-element_type=\"container\">\n\t\t\t\t\t<div class=\"e-con-inner\">\n\t\t<div class=\"elementor-element elementor-element-36a8bc2 e-con-full e-flex e-con e-child\" data-id=\"36a8bc2\" data-element_type=\"container\">\n\t\t\t\t<div class=\"elementor-element elementor-element-03e0128 elementor-widget-divider--view-line elementor-widget elementor-widget-divider\" data-id=\"03e0128\" data-element_type=\"widget\" data-widget_type=\"divider.default\">\n\t\t\t\t<div class=\"elementor-widget-container\">\n\t\t\t\t\t\t\t<div class=\"elementor-divider\">\n\t\t\t<span class=\"elementor-divider-separator\">\n\t\t\t\t\t\t<\/span>\n\t\t<\/div>\n\t\t\t\t\t\t<\/div>\n\t\t\t\t<\/div>\n\t\t\t\t<div class=\"elementor-element elementor-element-37d8402 elementor-widget elementor-widget-heading\" data-id=\"37d8402\" data-element_type=\"widget\" data-widget_type=\"heading.default\">\n\t\t\t\t<div class=\"elementor-widget-container\">\n\t\t\t\t\t<h2 class=\"elementor-heading-title elementor-size-default\">Tipps f\u00fcr Teilnehmer<\/h2>\t\t\t\t<\/div>\n\t\t\t\t<\/div>\n\t\t\t\t<div class=\"elementor-element elementor-element-d2cf727 elementor-widget elementor-widget-text-editor\" data-id=\"d2cf727\" data-element_type=\"widget\" data-widget_type=\"text-editor.default\">\n\t\t\t\t<div class=\"elementor-widget-container\">\n\t\t\t\t\t\t\t\t\t<p><strong>Sicherheitsausr\u00fcstung:<\/strong> Die Teilnehmer erhalten die notwendige Sicherheitsausr\u00fcstung, wie z.B. eine Schwimmweste.<\/p>\n<p><strong>Bleiben Sie hydriert: <\/strong>und nehmen Sie ein paar Flaschen Wasser mit.<\/p>\n<p><strong>Sonnenschutz: <\/strong>Wir empfehlen Ihnen au\u00dferdem, Sonnencreme und einen Sonnenhut mitzunehmen, wenn die Temperaturen sp\u00e4ter am Morgen steigen.<\/p>\n<p><strong>Schwimmzeug: <\/strong>Vergessen Sie nicht, Ihre Badesachen anzuziehen, wenn Sie mit den Delfinen ins Wasser gehen m\u00f6chten!<\/p>\t\t\t\t\t\t\t\t<\/div>\n\t\t\t\t<\/div>\n\t\t\t\t<div class=\"elementor-element elementor-element-9ad7953 elementor-widget elementor-widget-heading\" data-id=\"9ad7953\" data-element_type=\"widget\" data-widget_type=\"heading.default\">\n\t\t\t\t<div class=\"elementor-widget-container\">\n\t\t\t\t\t<h2 class=\"elementor-heading-title elementor-size-default\">Fazit<\/h2>\t\t\t\t<\/div>\n\t\t\t\t<\/div>\n\t\t\t\t<div class=\"elementor-element elementor-element-5b06f20 elementor-widget elementor-widget-text-editor\" data-id=\"5b06f20\" data-element_type=\"widget\" data-widget_type=\"text-editor.default\">\n\t\t\t\t<div class=\"elementor-widget-container\">\n\t\t\t\t\t\t\t\t\t<p>Die Delfine in der Lovina Bay zu beobachten ist ein gro\u00dfartiger Tagesausflug, der sich auf jeden Fall lohnt, auch wenn Sie sehr fr\u00fch aufbrechen m\u00fcssen. Bitte beachten Sie, dass nicht immer garantiert werden kann, dass Sie die Delfine zu Gesicht bekommen, aber wir haben es jetzt schon ein paar Mal gemacht und haben sie jedes Mal gesehen. Es gibt noch viele andere gro\u00dfartige landschaftliche und kulturelle Orte in Nordbali. Sprechen Sie mit uns und finden Sie heraus, was wir f\u00fcr Sie tun k\u00f6nnen, damit Ihr Abenteuer noch unvergesslicher wird!<\/p>\n\t\t\t\t\t\t\t\t<\/div>\n\t\t\t\t<\/div>\n\t\t\t\t<div class=\"elementor-element elementor-element-f716d5f elementor-widget-divider--view-line elementor-widget elementor-widget-divider\" data-id=\"f716d5f\" data-element_type=\"widget\" data-widget_type=\"divider.default\">\n\t\t\t\t<div class=\"elementor-widget-container\">\n\t\t\t\t\t\t\t<div class=\"elementor-divider\">\n\t\t\t<span class=\"elementor-divider-separator\">\n\t\t\t\t\t\t<\/span>\n\t\t<\/div>\n\t\t\t\t\t\t<\/div>\n\t\t\t\t<\/div>\n\t\t\t\t<\/div>\n\t\t\t\t\t<\/div>\n\t\t\t\t<\/div>\n\t\t\t\t<\/div>\n\t\t","protected":false},"excerpt":{"rendered":"<p>Standort: Lovina Bay, Nord Bali Die Lovina Bay auf Bali ist bekannt f\u00fcr ihre Delfinbeobachtungstouren. Die Bucht an der Nordk\u00fcste von Bali ist besonders ber\u00fchmt f\u00fcr ihre relativ ruhigen Gew\u00e4sser und die Anwesenheit von wilden Delfinen, insbesondere der Indopazifischen Gro\u00dfen T\u00fcmmler. Die ruhige Umgebung und die Anwesenheit der Delfine machen die Gegend zu einem einzigartigen &hellip; <a href=\"https:\/\/jbvillasbali.com\/de\/aktivitaeten__trashed\/tagesausflug-zu-den-delfinen-in-der-lovina-bucht__trashed\/\" class=\"more-link\">Weiterlesen <span class=\"screen-reader-text\"> &#8222;Tagesausflug zu den Delfinen in der Lovina-Bucht&#8220;<\/span><\/a><\/p>\n","protected":false},"author":1,"featured_media":5646,"parent":4986,"menu_order":0,"comment_status":"closed","ping_status":"closed","template":"","meta":{"_monsterinsights_skip_tracking":false,"_monsterinsights_sitenote_active":false,"_monsterinsights_sitenote_note":"","_monsterinsights_sitenote_category":0,"advanced_seo_description":"","jetpack_seo_html_title":"","jetpack_seo_noindex":false,"jetpack_post_was_ever_published":false,"footnotes":""},"class_list":["post-4973","page","type-page","status-publish","has-post-thumbnail","hentry"],"jetpack_sharing_enabled":true,"jetpack_likes_enabled":true,"_links":{"self":[{"href":"https:\/\/jbvillasbali.com\/de\/wp-json\/wp\/v2\/pages\/4973","targetHints":{"allow":["GET"]}}],"collection":[{"href":"https:\/\/jbvillasbali.com\/de\/wp-json\/wp\/v2\/pages"}],"about":[{"href":"https:\/\/jbvillasbali.com\/de\/wp-json\/wp\/v2\/types\/page"}],"author":[{"embeddable":true,"href":"https:\/\/jbvillasbali.com\/de\/wp-json\/wp\/v2\/users\/1"}],"replies":[{"embeddable":true,"href":"https:\/\/jbvillasbali.com\/de\/wp-json\/wp\/v2\/comments?post=4973"}],"version-history":[{"count":3,"href":"https:\/\/jbvillasbali.com\/de\/wp-json\/wp\/v2\/pages\/4973\/revisions"}],"predecessor-version":[{"id":5669,"href":"https:\/\/jbvillasbali.com\/de\/wp-json\/wp\/v2\/pages\/4973\/revisions\/5669"}],"up":[{"embeddable":true,"href":"https:\/\/jbvillasbali.com\/de\/wp-json\/wp\/v2\/pages\/4986"}],"wp:featuredmedia":[{"embeddable":true,"href":"https:\/\/jbvillasbali.com\/de\/wp-json\/wp\/v2\/media\/5646"}],"wp:attachment":[{"href":"https:\/\/jbvillasbali.com\/de\/wp-json\/wp\/v2\/media?parent=4973"}],"curies":[{"name":"wp","href":"https:\/\/api.w.org\/{rel}","templated":true}]}}