{"id":4971,"date":"2025-01-06T19:04:14","date_gmt":"2025-01-06T19:04:14","guid":{"rendered":"https:\/\/jbvillasbali.com\/atv-trekking-in-ubud\/"},"modified":"2025-01-06T19:16:31","modified_gmt":"2025-01-06T19:16:31","slug":"atv-trekking-in-ubud__trashed","status":"publish","type":"page","link":"https:\/\/jbvillasbali.com\/de\/aktivitaeten__trashed\/atv-trekking-in-ubud__trashed\/","title":{"rendered":"ATV-Trekking in Ubud"},"content":{"rendered":"\t\t<div data-elementor-type=\"wp-page\" data-elementor-id=\"4971\" class=\"elementor elementor-4971 elementor-4970\" data-elementor-post-type=\"page\">\n\t\t\t\t<div class=\"elementor-element elementor-element-2cea627 e-flex e-con-boxed e-con e-parent\" data-id=\"2cea627\" data-element_type=\"container\">\n\t\t\t\t\t<div class=\"e-con-inner\">\n\t\t\t\t<div class=\"elementor-element elementor-element-5f98bb5 elementor-arrows-position-inside elementor-widget elementor-widget-image-carousel\" data-id=\"5f98bb5\" data-element_type=\"widget\" data-settings=\"{&quot;slides_to_show&quot;:&quot;1&quot;,&quot;navigation&quot;:&quot;arrows&quot;,&quot;autoplay&quot;:&quot;yes&quot;,&quot;pause_on_hover&quot;:&quot;yes&quot;,&quot;pause_on_interaction&quot;:&quot;yes&quot;,&quot;autoplay_speed&quot;:5000,&quot;infinite&quot;:&quot;yes&quot;,&quot;effect&quot;:&quot;slide&quot;,&quot;speed&quot;:500}\" data-widget_type=\"image-carousel.default\">\n\t\t\t\t<div class=\"elementor-widget-container\">\n\t\t\t\t\t\t\t<div class=\"elementor-image-carousel-wrapper swiper\" role=\"region\" aria-roledescription=\"carousel\" aria-label=\"Image Carousel\" dir=\"ltr\">\n\t\t\t<div class=\"elementor-image-carousel swiper-wrapper\" aria-live=\"off\">\n\t\t\t\t\t\t\t\t<div class=\"swiper-slide\" role=\"group\" aria-roledescription=\"slide\" aria-label=\"1 von 3\"><a data-elementor-open-lightbox=\"yes\" data-elementor-lightbox-slideshow=\"5f98bb5\" data-elementor-lightbox-title=\"Screenshot 2025-01-05 at 164129-02\" data-e-action-hash=\"#elementor-action%3Aaction%3Dlightbox%26settings%3DeyJpZCI6NTIxMCwidXJsIjoiaHR0cHM6XC9cL2pidmlsbGFzYmFsaS5jb21cL3dwLWNvbnRlbnRcL3VwbG9hZHNcLzIwMjVcLzAxXC9TY3JlZW5zaG90LTIwMjUtMDEtMDUtYXQtMTY0MTI5LTAyLmpwZWciLCJzbGlkZXNob3ciOiI1Zjk4YmI1In0%3D\" href=\"https:\/\/i0.wp.com\/jbvillasbali.com\/wp-content\/uploads\/2025\/01\/Screenshot-2025-01-05-at-164129-02.jpeg?ssl=1\"><figure class=\"swiper-slide-inner\"><img decoding=\"async\" class=\"swiper-slide-image\" src=\"https:\/\/i0.wp.com\/jbvillasbali.com\/wp-content\/uploads\/2025\/01\/Screenshot-2025-01-05-at-164129-02.jpeg?fit=1230%2C611&amp;ssl=1\" alt=\"Screenshot 2025-01-05 at 164129-02\" \/><\/figure><\/a><\/div><div class=\"swiper-slide\" role=\"group\" aria-roledescription=\"slide\" aria-label=\"2 von 3\"><a data-elementor-open-lightbox=\"yes\" data-elementor-lightbox-slideshow=\"5f98bb5\" data-elementor-lightbox-title=\"Screenshot 2025-01-05 at 164129-03\" data-e-action-hash=\"#elementor-action%3Aaction%3Dlightbox%26settings%3DeyJpZCI6NTIxMSwidXJsIjoiaHR0cHM6XC9cL2pidmlsbGFzYmFsaS5jb21cL3dwLWNvbnRlbnRcL3VwbG9hZHNcLzIwMjVcLzAxXC9TY3JlZW5zaG90LTIwMjUtMDEtMDUtYXQtMTY0MTI5LTAzLmpwZWciLCJzbGlkZXNob3ciOiI1Zjk4YmI1In0%3D\" href=\"https:\/\/i0.wp.com\/jbvillasbali.com\/wp-content\/uploads\/2025\/01\/Screenshot-2025-01-05-at-164129-03.jpeg?ssl=1\"><figure class=\"swiper-slide-inner\"><img decoding=\"async\" class=\"swiper-slide-image\" src=\"https:\/\/i0.wp.com\/jbvillasbali.com\/wp-content\/uploads\/2025\/01\/Screenshot-2025-01-05-at-164129-03.jpeg?fit=1230%2C611&amp;ssl=1\" alt=\"Screenshot 2025-01-05 at 164129-03\" \/><\/figure><\/a><\/div><div class=\"swiper-slide\" role=\"group\" aria-roledescription=\"slide\" aria-label=\"3 von 3\"><a data-elementor-open-lightbox=\"yes\" data-elementor-lightbox-slideshow=\"5f98bb5\" data-elementor-lightbox-title=\"Screenshot 2025-01-05 at 164129-04\" data-e-action-hash=\"#elementor-action%3Aaction%3Dlightbox%26settings%3DeyJpZCI6NTIxMiwidXJsIjoiaHR0cHM6XC9cL2pidmlsbGFzYmFsaS5jb21cL3dwLWNvbnRlbnRcL3VwbG9hZHNcLzIwMjVcLzAxXC9TY3JlZW5zaG90LTIwMjUtMDEtMDUtYXQtMTY0MTI5LTA0LmpwZWciLCJzbGlkZXNob3ciOiI1Zjk4YmI1In0%3D\" href=\"https:\/\/i0.wp.com\/jbvillasbali.com\/wp-content\/uploads\/2025\/01\/Screenshot-2025-01-05-at-164129-04.jpeg?ssl=1\"><figure class=\"swiper-slide-inner\"><img decoding=\"async\" class=\"swiper-slide-image\" src=\"https:\/\/i0.wp.com\/jbvillasbali.com\/wp-content\/uploads\/2025\/01\/Screenshot-2025-01-05-at-164129-04.jpeg?fit=1230%2C611&amp;ssl=1\" alt=\"Screenshot 2025-01-05 at 164129-04\" \/><\/figure><\/a><\/div>\t\t\t<\/div>\n\t\t\t\t\t\t\t\t\t\t\t\t<div class=\"elementor-swiper-button elementor-swiper-button-prev\" role=\"button\" tabindex=\"0\">\n\t\t\t\t\t\t<svg aria-hidden=\"true\" class=\"e-font-icon-svg e-eicon-chevron-left\" viewBox=\"0 0 1000 1000\" xmlns=\"http:\/\/www.w3.org\/2000\/svg\"><path d=\"M646 125C629 125 613 133 604 142L308 442C296 454 292 471 292 487 292 504 296 521 308 533L604 854C617 867 629 875 646 875 663 875 679 871 692 858 704 846 713 829 713 812 713 796 708 779 692 767L438 487 692 225C700 217 708 204 708 187 708 171 704 154 692 142 675 129 663 125 646 125Z\"><\/path><\/svg>\t\t\t\t\t<\/div>\n\t\t\t\t\t<div class=\"elementor-swiper-button elementor-swiper-button-next\" role=\"button\" tabindex=\"0\">\n\t\t\t\t\t\t<svg aria-hidden=\"true\" class=\"e-font-icon-svg e-eicon-chevron-right\" viewBox=\"0 0 1000 1000\" xmlns=\"http:\/\/www.w3.org\/2000\/svg\"><path d=\"M696 533C708 521 713 504 713 487 713 471 708 454 696 446L400 146C388 133 375 125 354 125 338 125 325 129 313 142 300 154 292 171 292 187 292 204 296 221 308 233L563 492 304 771C292 783 288 800 288 817 288 833 296 850 308 863 321 871 338 875 354 875 371 875 388 867 400 854L696 533Z\"><\/path><\/svg>\t\t\t\t\t<\/div>\n\t\t\t\t\n\t\t\t\t\t\t\t\t\t<\/div>\n\t\t\t\t\t\t<\/div>\n\t\t\t\t<\/div>\n\t\t\t\t<div class=\"elementor-element elementor-element-75e1d5a elementor-widget elementor-widget-text-editor\" data-id=\"75e1d5a\" data-element_type=\"widget\" data-widget_type=\"text-editor.default\">\n\t\t\t\t<div class=\"elementor-widget-container\">\n\t\t\t\t\t\t\t\t\tATV-Trekking in Ubud, Bali, ist eine beliebte und aufregende Outdoor-Aktivit\u00e4t, die Abenteuer mit der nat\u00fcrlichen Sch\u00f6nheit der Region verbindet. Hier ist ein \u00dcberblick dar\u00fcber, was Sie erwarten k\u00f6nnen:\n\t\t\t\t\t\t\t\t<\/div>\n\t\t\t\t<\/div>\n\t\t\t\t<div class=\"elementor-element elementor-element-7fa9356 elementor-widget-divider--view-line elementor-widget elementor-widget-divider\" data-id=\"7fa9356\" data-element_type=\"widget\" data-widget_type=\"divider.default\">\n\t\t\t\t<div class=\"elementor-widget-container\">\n\t\t\t\t\t\t\t<div class=\"elementor-divider\">\n\t\t\t<span class=\"elementor-divider-separator\">\n\t\t\t\t\t\t<\/span>\n\t\t<\/div>\n\t\t\t\t\t\t<\/div>\n\t\t\t\t<\/div>\n\t\t\t\t\t<\/div>\n\t\t\t\t<\/div>\n\t\t<div class=\"elementor-element elementor-element-2b42696 e-flex e-con-boxed e-con e-parent\" data-id=\"2b42696\" data-element_type=\"container\">\n\t\t\t\t\t<div class=\"e-con-inner\">\n\t\t<div class=\"elementor-element elementor-element-ef3a074 e-con-full e-flex e-con e-child\" data-id=\"ef3a074\" data-element_type=\"container\">\n\t\t\t\t<div class=\"elementor-element elementor-element-b76eef6 elementor-widget elementor-widget-heading\" data-id=\"b76eef6\" data-element_type=\"widget\" data-widget_type=\"heading.default\">\n\t\t\t\t<div class=\"elementor-widget-container\">\n\t\t\t\t\t<h2 class=\"elementor-heading-title elementor-size-default\">Standort: Ubud, Bali<\/h2>\t\t\t\t<\/div>\n\t\t\t\t<\/div>\n\t\t\t\t<div class=\"elementor-element elementor-element-6f03f7d elementor-widget elementor-widget-text-editor\" data-id=\"6f03f7d\" data-element_type=\"widget\" data-widget_type=\"text-editor.default\">\n\t\t\t\t<div class=\"elementor-widget-container\">\n\t\t\t\t\t\t\t\t\t<p>Ubud ist ein bekanntes kulturelles und nat\u00fcrliches Zentrum auf Bali, das f\u00fcr seine \u00fcppigen Reisterrassen, dichten W\u00e4lder und malerischen Landschaften ber\u00fchmt ist. Beim ATV-Trekking in Ubud k\u00f6nnen die Teilnehmer diese wundersch\u00f6ne Umgebung auf eine aufregende Weise erkunden.<\/p>\n\t\t\t\t\t\t\t\t<\/div>\n\t\t\t\t<\/div>\n\t\t\t\t<div class=\"elementor-element elementor-element-64dbc01 elementor-widget elementor-widget-heading\" data-id=\"64dbc01\" data-element_type=\"widget\" data-widget_type=\"heading.default\">\n\t\t\t\t<div class=\"elementor-widget-container\">\n\t\t\t\t\t<h2 class=\"elementor-heading-title elementor-size-default\">Was ist ATV-Trekking?<\/h2>\t\t\t\t<\/div>\n\t\t\t\t<\/div>\n\t\t\t\t<div class=\"elementor-element elementor-element-2d52c68 elementor-widget elementor-widget-text-editor\" data-id=\"2d52c68\" data-element_type=\"widget\" data-widget_type=\"text-editor.default\">\n\t\t\t\t<div class=\"elementor-widget-container\">\n\t\t\t\t\t\t\t\t\t<p>Beim ATV-Trekking (All-Terrain-Vehicle) fahren Sie mit einem vierr\u00e4drigen motorisierten Fahrzeug, das f\u00fcr verschiedene Gel\u00e4ndetypen ausgelegt ist. Diese Fahrzeuge sind sowohl f\u00fcr Anf\u00e4nger als auch f\u00fcr erfahrene Reiter geeignet, so dass sie f\u00fcr viele eine zug\u00e4ngliche Abenteueraktivit\u00e4t darstellen.<\/p>\n\t\t\t\t\t\t\t\t<\/div>\n\t\t\t\t<\/div>\n\t\t\t\t<\/div>\n\t\t<div class=\"elementor-element elementor-element-bf6e3d2 e-con-full e-flex e-con e-child\" data-id=\"bf6e3d2\" data-element_type=\"container\">\n\t\t\t\t<div class=\"elementor-element elementor-element-3c282ad elementor-widget elementor-widget-image\" data-id=\"3c282ad\" data-element_type=\"widget\" data-widget_type=\"image.default\">\n\t\t\t\t<div class=\"elementor-widget-container\">\n\t\t\t\t\t\t\t\t\t\t\t\t\t\t\t<img fetchpriority=\"high\" decoding=\"async\" width=\"768\" height=\"679\" src=\"https:\/\/i0.wp.com\/jbvillasbali.com\/wp-content\/uploads\/2025\/01\/Screenshot-2024-05-17-at-14.59.21.png-e1736096412571.webp?fit=768%2C679&amp;ssl=1\" class=\"attachment-large size-large wp-image-5215\" alt=\"\" srcset=\"https:\/\/i0.wp.com\/jbvillasbali.com\/wp-content\/uploads\/2025\/01\/Screenshot-2024-05-17-at-14.59.21.png-e1736096412571.webp?w=768&amp;ssl=1 768w, https:\/\/i0.wp.com\/jbvillasbali.com\/wp-content\/uploads\/2025\/01\/Screenshot-2024-05-17-at-14.59.21.png-e1736096412571.webp?resize=300%2C265&amp;ssl=1 300w, https:\/\/i0.wp.com\/jbvillasbali.com\/wp-content\/uploads\/2025\/01\/Screenshot-2024-05-17-at-14.59.21.png-e1736096412571.webp?resize=699%2C618&amp;ssl=1 699w, https:\/\/i0.wp.com\/jbvillasbali.com\/wp-content\/uploads\/2025\/01\/Screenshot-2024-05-17-at-14.59.21.png-e1736096412571.webp?resize=712%2C629&amp;ssl=1 712w\" sizes=\"(max-width: 768px) 100vw, 768px\" data-attachment-id=\"5215\" data-permalink=\"https:\/\/jbvillasbali.com\/de\/activities\/atv-trekking\/screenshot-2024-05-17-at-14-59-21-png\/\" data-orig-file=\"https:\/\/i0.wp.com\/jbvillasbali.com\/wp-content\/uploads\/2025\/01\/Screenshot-2024-05-17-at-14.59.21.png-e1736096412571.webp?fit=768%2C679&amp;ssl=1\" data-orig-size=\"768,679\" data-comments-opened=\"1\" data-image-meta=\"{&quot;aperture&quot;:&quot;0&quot;,&quot;credit&quot;:&quot;&quot;,&quot;camera&quot;:&quot;&quot;,&quot;caption&quot;:&quot;&quot;,&quot;created_timestamp&quot;:&quot;0&quot;,&quot;copyright&quot;:&quot;&quot;,&quot;focal_length&quot;:&quot;0&quot;,&quot;iso&quot;:&quot;0&quot;,&quot;shutter_speed&quot;:&quot;0&quot;,&quot;title&quot;:&quot;&quot;,&quot;orientation&quot;:&quot;0&quot;}\" data-image-title=\"Screenshot-2024-05-17-at-14.59.21.png\" data-image-description=\"\" data-image-caption=\"\" data-medium-file=\"https:\/\/i0.wp.com\/jbvillasbali.com\/wp-content\/uploads\/2025\/01\/Screenshot-2024-05-17-at-14.59.21.png-e1736096412571.webp?fit=300%2C265&amp;ssl=1\" data-large-file=\"https:\/\/i0.wp.com\/jbvillasbali.com\/wp-content\/uploads\/2025\/01\/Screenshot-2024-05-17-at-14.59.21.png-e1736096412571.webp?fit=768%2C679&amp;ssl=1\" \/>\t\t\t\t\t\t\t\t\t\t\t\t\t\t\t<\/div>\n\t\t\t\t<\/div>\n\t\t\t\t<\/div>\n\t\t\t\t\t<\/div>\n\t\t\t\t<\/div>\n\t\t<div class=\"elementor-element elementor-element-9044630 e-flex e-con-boxed e-con e-parent\" data-id=\"9044630\" data-element_type=\"container\">\n\t\t\t\t\t<div class=\"e-con-inner\">\n\t\t<div class=\"elementor-element elementor-element-7ebe3fe e-con-full e-flex e-con e-child\" data-id=\"7ebe3fe\" data-element_type=\"container\">\n\t\t\t\t<div class=\"elementor-element elementor-element-ea3b2fd elementor-widget-divider--view-line elementor-widget elementor-widget-divider\" data-id=\"ea3b2fd\" data-element_type=\"widget\" data-widget_type=\"divider.default\">\n\t\t\t\t<div class=\"elementor-widget-container\">\n\t\t\t\t\t\t\t<div class=\"elementor-divider\">\n\t\t\t<span class=\"elementor-divider-separator\">\n\t\t\t\t\t\t<\/span>\n\t\t<\/div>\n\t\t\t\t\t\t<\/div>\n\t\t\t\t<\/div>\n\t\t\t\t<div class=\"elementor-element elementor-element-6c1d522 elementor-widget elementor-widget-heading\" data-id=\"6c1d522\" data-element_type=\"widget\" data-widget_type=\"heading.default\">\n\t\t\t\t<div class=\"elementor-widget-container\">\n\t\t\t\t\t<h2 class=\"elementor-heading-title elementor-size-default\">Die Erfahrung<\/h2>\t\t\t\t<\/div>\n\t\t\t\t<\/div>\n\t\t\t\t<div class=\"elementor-element elementor-element-7869511 elementor-widget elementor-widget-text-editor\" data-id=\"7869511\" data-element_type=\"widget\" data-widget_type=\"text-editor.default\">\n\t\t\t\t<div class=\"elementor-widget-container\">\n\t\t\t\t\t\t\t\t\t<ol>\n<li><strong>Anreise: <\/strong>Zun\u00e4chst bringt Sie ein Fahrer ca. 1 Stunde 30 Minuten nach Ubud, wo Sie Ihr ATV-Trekking-Abenteuer beginnen.<\/li>\n<li><strong>Sicherheitseinweisung und Training:<\/strong> Bevor die Tour beginnt, erhalten die Teilnehmer eine Sicherheitseinweisung und eine Grundschulung in der Bedienung des ATV. Dazu geh\u00f6rt das Verst\u00e4ndnis der Steuerung, der Sicherheitsprotokolle und der Fahrtechniken.<\/li>\n<li><strong>Gef\u00fchrte Touren:<\/strong> Die meisten ATV-Trekking-Erlebnisse sind gef\u00fchrte Touren, die von erfahrenen Ausbildern geleitet werden, die das Terrain gut kennen. Sie sorgen f\u00fcr Sicherheit und bieten interessante Einblicke in die lokale Umgebung.<\/li>\n<li><strong>Landschaftlich reizvolle Routen:<\/strong> Die Wanderung f\u00fchrt Sie normalerweise durch verschiedene Landschaften, darunter:\n<ul>\n<li><strong>Reisterrassen:<\/strong> Ubud ist ber\u00fchmt f\u00fcr seine malerischen Reisfelder, und viele ATV-Routen f\u00fchren durch diese ikonischen Terrassen.<\/li>\n<li><strong>Dschungelpfade:<\/strong> Reiten Sie durch dichte Dschungelpfade und erleben Sie das \u00fcppige Gr\u00fcn und die tropische Flora.<\/li>\n<li><strong>D\u00f6rfer:<\/strong> Einige Touren f\u00fchren durch traditionelle balinesische D\u00f6rfer und bieten einen Einblick in das Leben und die Kultur der Einheimischen.<\/li>\n<li><strong>Wasserdurchquerungen:<\/strong> F\u00fcr zus\u00e4tzlichen Nervenkitzel sorgen einige Routen mit Wasserdurchquerungen, bei denen Sie durch kleine B\u00e4che oder Fl\u00fcsse fahren.<\/li>\n<\/ul>\n<\/li>\n<li><strong>Dauer:<\/strong> ATV-Treks k\u00f6nnen unterschiedlich lange dauern, in der Regel zwischen 1 und 3 Stunden, je nach gew\u00e4hltem Paket.<\/li>\n<li><strong>Ausr\u00fcstung:<\/strong> Die Teilnehmer erhalten die notwendige Sicherheitsausr\u00fcstung, wie Helme und Handschuhe. Es wird empfohlen, bequeme Kleidung und festes Schuhwerk zu tragen.<\/li>\n<\/ol>\t\t\t\t\t\t\t\t<\/div>\n\t\t\t\t<\/div>\n\t\t\t\t<div class=\"elementor-element elementor-element-bc77102 elementor-widget-divider--view-line elementor-widget elementor-widget-divider\" data-id=\"bc77102\" data-element_type=\"widget\" data-widget_type=\"divider.default\">\n\t\t\t\t<div class=\"elementor-widget-container\">\n\t\t\t\t\t\t\t<div class=\"elementor-divider\">\n\t\t\t<span class=\"elementor-divider-separator\">\n\t\t\t\t\t\t<\/span>\n\t\t<\/div>\n\t\t\t\t\t\t<\/div>\n\t\t\t\t<\/div>\n\t\t\t\t<\/div>\n\t\t\t\t\t<\/div>\n\t\t\t\t<\/div>\n\t\t<div class=\"elementor-element elementor-element-e377f97 e-flex e-con-boxed e-con e-parent\" data-id=\"e377f97\" data-element_type=\"container\">\n\t\t\t\t\t<div class=\"e-con-inner\">\n\t\t<div class=\"elementor-element elementor-element-b2afd17 e-con-full e-flex e-con e-child\" data-id=\"b2afd17\" data-element_type=\"container\">\n\t\t\t\t<div class=\"elementor-element elementor-element-e6f1b61 elementor-widget elementor-widget-heading\" data-id=\"e6f1b61\" data-element_type=\"widget\" data-widget_type=\"heading.default\">\n\t\t\t\t<div class=\"elementor-widget-container\">\n\t\t\t\t\t<h2 class=\"elementor-heading-title elementor-size-default\">Vorteile<\/h2>\t\t\t\t<\/div>\n\t\t\t\t<\/div>\n\t\t\t\t<div class=\"elementor-element elementor-element-71f839d elementor-widget elementor-widget-text-editor\" data-id=\"71f839d\" data-element_type=\"widget\" data-widget_type=\"text-editor.default\">\n\t\t\t\t<div class=\"elementor-widget-container\">\n\t\t\t\t\t\t\t\t\t\n<ul>\n<li><strong>Abenteuer:<\/strong> ATV-Trekking bietet ein adrenalingeladenes Abenteuer, das sowohl Spa\u00df macht als auch eine Herausforderung darstellt.<\/li>\n<li><strong>Landschaft:<\/strong> Es ist eine einzigartige M\u00f6glichkeit, die atemberaubenden Landschaften von Ubud zu erleben, von Reisfeldern bis zu W\u00e4ldern.<\/li>\n<li><strong>Kultur:<\/strong> Die Fahrt durch einheimische D\u00f6rfer bietet eine kulturelle Bereicherung und ein tieferes Verst\u00e4ndnis f\u00fcr das balinesische Leben.<\/li>\n<li><strong>K\u00f6rperliche Aktivit\u00e4t:<\/strong> ATV-Trekking ist zwar nicht \u00fcberm\u00e4\u00dfig anstrengend, bietet aber ein gutes Ma\u00df an k\u00f6rperlicher Aktivit\u00e4t.<\/li>\n<\/ul>\n<\/li>\n<\/ul>\t\t\t\t\t\t\t\t<\/div>\n\t\t\t\t<\/div>\n\t\t\t\t<div class=\"elementor-element elementor-element-229596c elementor-widget-divider--view-line elementor-widget elementor-widget-divider\" data-id=\"229596c\" data-element_type=\"widget\" data-widget_type=\"divider.default\">\n\t\t\t\t<div class=\"elementor-widget-container\">\n\t\t\t\t\t\t\t<div class=\"elementor-divider\">\n\t\t\t<span class=\"elementor-divider-separator\">\n\t\t\t\t\t\t<\/span>\n\t\t<\/div>\n\t\t\t\t\t\t<\/div>\n\t\t\t\t<\/div>\n\t\t\t\t<\/div>\n\t\t\t\t\t<\/div>\n\t\t\t\t<\/div>\n\t\t<div class=\"elementor-element elementor-element-6b0d9e9 e-flex e-con-boxed e-con e-parent\" data-id=\"6b0d9e9\" data-element_type=\"container\">\n\t\t\t\t\t<div class=\"e-con-inner\">\n\t\t<div class=\"elementor-element elementor-element-d527127 e-con-full e-flex e-con e-child\" data-id=\"d527127\" data-element_type=\"container\">\n\t\t\t\t<div class=\"elementor-element elementor-element-db1a89b elementor-widget elementor-widget-heading\" data-id=\"db1a89b\" data-element_type=\"widget\" data-widget_type=\"heading.default\">\n\t\t\t\t<div class=\"elementor-widget-container\">\n\t\t\t\t\t<h2 class=\"elementor-heading-title elementor-size-default\">Tipps f\u00fcr Teilnehmer<\/h2>\t\t\t\t<\/div>\n\t\t\t\t<\/div>\n\t\t\t\t<div class=\"elementor-element elementor-element-4664316 elementor-widget elementor-widget-text-editor\" data-id=\"4664316\" data-element_type=\"widget\" data-widget_type=\"text-editor.default\">\n\t\t\t\t<div class=\"elementor-widget-container\">\n\t\t\t\t\t\t\t\t\t<ul>\n<li><strong>Buchen Sie im Voraus:<\/strong> ATV-Trekking ist sehr beliebt, daher ist eine Buchung im Voraus ratsam.<\/li>\n<li><strong>Kleiden Sie sich angemessen:<\/strong> Tragen Sie bequeme, dem Wetter angepasste Kleidung und festes Schuhwerk.<\/li>\n<li><strong>Bleiben Sie hydriert:<\/strong> Nehmen Sie Wasser mit, um hydriert zu bleiben, besonders im warmen Klima von Bali.<\/li>\n<li><strong>Befolgen Sie die Anweisungen:<\/strong> H\u00f6ren Sie sich die Sicherheitseinweisung genau an und befolgen Sie die Anweisungen des Guides, um ein sicheres und angenehmes Erlebnis zu gew\u00e4hrleisten.<\/li>\n<\/ul>\t\t\t\t\t\t\t\t<\/div>\n\t\t\t\t<\/div>\n\t\t\t\t<div class=\"elementor-element elementor-element-4611fa6 elementor-widget-divider--view-line elementor-widget elementor-widget-divider\" data-id=\"4611fa6\" data-element_type=\"widget\" data-widget_type=\"divider.default\">\n\t\t\t\t<div class=\"elementor-widget-container\">\n\t\t\t\t\t\t\t<div class=\"elementor-divider\">\n\t\t\t<span class=\"elementor-divider-separator\">\n\t\t\t\t\t\t<\/span>\n\t\t<\/div>\n\t\t\t\t\t\t<\/div>\n\t\t\t\t<\/div>\n\t\t\t\t<\/div>\n\t\t\t\t\t<\/div>\n\t\t\t\t<\/div>\n\t\t<div class=\"elementor-element elementor-element-d63d3d2 e-flex e-con-boxed e-con e-parent\" data-id=\"d63d3d2\" data-element_type=\"container\">\n\t\t\t\t\t<div class=\"e-con-inner\">\n\t\t<div class=\"elementor-element elementor-element-3beb074 e-con-full e-flex e-con e-child\" data-id=\"3beb074\" data-element_type=\"container\">\n\t\t\t\t<div class=\"elementor-element elementor-element-d22fc07 elementor-widget elementor-widget-heading\" data-id=\"d22fc07\" data-element_type=\"widget\" data-widget_type=\"heading.default\">\n\t\t\t\t<div class=\"elementor-widget-container\">\n\t\t\t\t\t<h2 class=\"elementor-heading-title elementor-size-default\">Fazit<\/h2>\t\t\t\t<\/div>\n\t\t\t\t<\/div>\n\t\t\t\t<div class=\"elementor-element elementor-element-38fdcec elementor-widget elementor-widget-text-editor\" data-id=\"38fdcec\" data-element_type=\"widget\" data-widget_type=\"text-editor.default\">\n\t\t\t\t<div class=\"elementor-widget-container\">\n\t\t\t\t\t\t\t\t\t<p>ATV-Trekking in Ubud ist eine fantastische M\u00f6glichkeit, Abenteuer, Natur und Kultur zu verbinden. Egal, ob Sie ein erfahrener Reiter oder ein Neuling sind, diese Aktivit\u00e4t verspricht Spannung und unvergessliche Erlebnisse inmitten der atemberaubenden Landschaften Balis.<\/p>\n\t\t\t\t\t\t\t\t<\/div>\n\t\t\t\t<\/div>\n\t\t\t\t<div class=\"elementor-element elementor-element-388d72f elementor-widget-divider--view-line elementor-widget elementor-widget-divider\" data-id=\"388d72f\" data-element_type=\"widget\" data-widget_type=\"divider.default\">\n\t\t\t\t<div class=\"elementor-widget-container\">\n\t\t\t\t\t\t\t<div class=\"elementor-divider\">\n\t\t\t<span class=\"elementor-divider-separator\">\n\t\t\t\t\t\t<\/span>\n\t\t<\/div>\n\t\t\t\t\t\t<\/div>\n\t\t\t\t<\/div>\n\t\t\t\t<\/div>\n\t\t\t\t\t<\/div>\n\t\t\t\t<\/div>\n\t\t\t\t<\/div>\n\t\t","protected":false},"excerpt":{"rendered":"<p>ATV-Trekking in Ubud, Bali, ist eine beliebte und aufregende Outdoor-Aktivit\u00e4t, die Abenteuer mit der nat\u00fcrlichen Sch\u00f6nheit der Region verbindet. Hier ist ein \u00dcberblick dar\u00fcber, was Sie erwarten k\u00f6nnen: Standort: Ubud, Bali Ubud ist ein bekanntes kulturelles und nat\u00fcrliches Zentrum auf Bali, das f\u00fcr seine \u00fcppigen Reisterrassen, dichten W\u00e4lder und malerischen Landschaften ber\u00fchmt ist. Beim ATV-Trekking &hellip; <a href=\"https:\/\/jbvillasbali.com\/de\/aktivitaeten__trashed\/atv-trekking-in-ubud__trashed\/\" class=\"more-link\">Weiterlesen <span class=\"screen-reader-text\"> &#8222;ATV-Trekking in Ubud&#8220;<\/span><\/a><\/p>\n","protected":false},"author":1,"featured_media":4926,"parent":4986,"menu_order":0,"comment_status":"closed","ping_status":"closed","template":"","meta":{"_monsterinsights_skip_tracking":false,"_monsterinsights_sitenote_active":false,"_monsterinsights_sitenote_note":"","_monsterinsights_sitenote_category":0,"advanced_seo_description":"","jetpack_seo_html_title":"","jetpack_seo_noindex":false,"jetpack_post_was_ever_published":false,"footnotes":""},"class_list":["post-4971","page","type-page","status-publish","has-post-thumbnail","hentry"],"jetpack_sharing_enabled":true,"jetpack_likes_enabled":true,"_links":{"self":[{"href":"https:\/\/jbvillasbali.com\/de\/wp-json\/wp\/v2\/pages\/4971","targetHints":{"allow":["GET"]}}],"collection":[{"href":"https:\/\/jbvillasbali.com\/de\/wp-json\/wp\/v2\/pages"}],"about":[{"href":"https:\/\/jbvillasbali.com\/de\/wp-json\/wp\/v2\/types\/page"}],"author":[{"embeddable":true,"href":"https:\/\/jbvillasbali.com\/de\/wp-json\/wp\/v2\/users\/1"}],"replies":[{"embeddable":true,"href":"https:\/\/jbvillasbali.com\/de\/wp-json\/wp\/v2\/comments?post=4971"}],"version-history":[{"count":3,"href":"https:\/\/jbvillasbali.com\/de\/wp-json\/wp\/v2\/pages\/4971\/revisions"}],"predecessor-version":[{"id":5738,"href":"https:\/\/jbvillasbali.com\/de\/wp-json\/wp\/v2\/pages\/4971\/revisions\/5738"}],"up":[{"embeddable":true,"href":"https:\/\/jbvillasbali.com\/de\/wp-json\/wp\/v2\/pages\/4986"}],"wp:featuredmedia":[{"embeddable":true,"href":"https:\/\/jbvillasbali.com\/de\/wp-json\/"}],"wp:attachment":[{"href":"https:\/\/jbvillasbali.com\/de\/wp-json\/wp\/v2\/media?parent=4971"}],"curies":[{"name":"wp","href":"https:\/\/api.w.org\/{rel}","templated":true}]}}