{"id":4967,"date":"2025-01-06T19:04:27","date_gmt":"2025-01-06T19:04:27","guid":{"rendered":"https:\/\/jbvillasbali.com\/rafting-in-ubud\/"},"modified":"2025-01-06T19:16:42","modified_gmt":"2025-01-06T19:16:42","slug":"rafting-in-ubud__trashed","status":"publish","type":"page","link":"https:\/\/jbvillasbali.com\/de\/aktivitaeten__trashed\/rafting-in-ubud__trashed\/","title":{"rendered":"Rafting in Ubud"},"content":{"rendered":"\t\t<div data-elementor-type=\"wp-page\" data-elementor-id=\"4967\" class=\"elementor elementor-4967 elementor-4966\" data-elementor-post-type=\"page\">\n\t\t\t\t<div class=\"elementor-element elementor-element-8bd6f1c e-flex e-con-boxed e-con e-parent\" data-id=\"8bd6f1c\" data-element_type=\"container\">\n\t\t\t\t\t<div class=\"e-con-inner\">\n\t\t\t\t<div class=\"elementor-element elementor-element-a34aafa elementor-arrows-position-inside elementor-widget elementor-widget-image-carousel\" data-id=\"a34aafa\" data-element_type=\"widget\" data-settings=\"{&quot;slides_to_show&quot;:&quot;1&quot;,&quot;navigation&quot;:&quot;arrows&quot;,&quot;autoplay&quot;:&quot;yes&quot;,&quot;pause_on_hover&quot;:&quot;yes&quot;,&quot;pause_on_interaction&quot;:&quot;yes&quot;,&quot;autoplay_speed&quot;:5000,&quot;infinite&quot;:&quot;yes&quot;,&quot;effect&quot;:&quot;slide&quot;,&quot;speed&quot;:500}\" data-widget_type=\"image-carousel.default\">\n\t\t\t\t<div class=\"elementor-widget-container\">\n\t\t\t\t\t\t\t<div class=\"elementor-image-carousel-wrapper swiper\" role=\"region\" aria-roledescription=\"carousel\" aria-label=\"Image Carousel\" dir=\"ltr\">\n\t\t\t<div class=\"elementor-image-carousel swiper-wrapper\" aria-live=\"off\">\n\t\t\t\t\t\t\t\t<div class=\"swiper-slide\" role=\"group\" aria-roledescription=\"slide\" aria-label=\"1 von 2\"><a data-elementor-open-lightbox=\"yes\" data-elementor-lightbox-slideshow=\"a34aafa\" data-elementor-lightbox-title=\"rafting-2\" data-e-action-hash=\"#elementor-action%3Aaction%3Dlightbox%26settings%3DeyJpZCI6NTE2MCwidXJsIjoiaHR0cHM6XC9cL2pidmlsbGFzYmFsaS5jb21cL3dwLWNvbnRlbnRcL3VwbG9hZHNcLzIwMjVcLzAxXC9yYWZ0aW5nLTIuanBnIiwic2xpZGVzaG93IjoiYTM0YWFmYSJ9\" href=\"https:\/\/i0.wp.com\/jbvillasbali.com\/wp-content\/uploads\/2025\/01\/rafting-2.jpg?ssl=1\"><figure class=\"swiper-slide-inner\"><img decoding=\"async\" class=\"swiper-slide-image\" src=\"https:\/\/i0.wp.com\/jbvillasbali.com\/wp-content\/uploads\/2025\/01\/rafting-2.jpg?fit=1920%2C954&amp;ssl=1\" alt=\"rafting-2\" \/><\/figure><\/a><\/div><div class=\"swiper-slide\" role=\"group\" aria-roledescription=\"slide\" aria-label=\"2 von 2\"><a data-elementor-open-lightbox=\"yes\" data-elementor-lightbox-slideshow=\"a34aafa\" data-elementor-lightbox-title=\"rafting\" data-e-action-hash=\"#elementor-action%3Aaction%3Dlightbox%26settings%3DeyJpZCI6NTE1OSwidXJsIjoiaHR0cHM6XC9cL2pidmlsbGFzYmFsaS5jb21cL3dwLWNvbnRlbnRcL3VwbG9hZHNcLzIwMjVcLzAxXC9yYWZ0aW5nLmpwZyIsInNsaWRlc2hvdyI6ImEzNGFhZmEifQ%3D%3D\" href=\"https:\/\/i0.wp.com\/jbvillasbali.com\/wp-content\/uploads\/2025\/01\/rafting.jpg?ssl=1\"><figure class=\"swiper-slide-inner\"><img decoding=\"async\" class=\"swiper-slide-image\" src=\"https:\/\/i0.wp.com\/jbvillasbali.com\/wp-content\/uploads\/2025\/01\/rafting.jpg?fit=1920%2C954&amp;ssl=1\" alt=\"rafting\" \/><\/figure><\/a><\/div>\t\t\t<\/div>\n\t\t\t\t\t\t\t\t\t\t\t\t<div class=\"elementor-swiper-button elementor-swiper-button-prev\" role=\"button\" tabindex=\"0\">\n\t\t\t\t\t\t<svg aria-hidden=\"true\" class=\"e-font-icon-svg e-eicon-chevron-left\" viewBox=\"0 0 1000 1000\" xmlns=\"http:\/\/www.w3.org\/2000\/svg\"><path d=\"M646 125C629 125 613 133 604 142L308 442C296 454 292 471 292 487 292 504 296 521 308 533L604 854C617 867 629 875 646 875 663 875 679 871 692 858 704 846 713 829 713 812 713 796 708 779 692 767L438 487 692 225C700 217 708 204 708 187 708 171 704 154 692 142 675 129 663 125 646 125Z\"><\/path><\/svg>\t\t\t\t\t<\/div>\n\t\t\t\t\t<div class=\"elementor-swiper-button elementor-swiper-button-next\" role=\"button\" tabindex=\"0\">\n\t\t\t\t\t\t<svg aria-hidden=\"true\" class=\"e-font-icon-svg e-eicon-chevron-right\" viewBox=\"0 0 1000 1000\" xmlns=\"http:\/\/www.w3.org\/2000\/svg\"><path d=\"M696 533C708 521 713 504 713 487 713 471 708 454 696 446L400 146C388 133 375 125 354 125 338 125 325 129 313 142 300 154 292 171 292 187 292 204 296 221 308 233L563 492 304 771C292 783 288 800 288 817 288 833 296 850 308 863 321 871 338 875 354 875 371 875 388 867 400 854L696 533Z\"><\/path><\/svg>\t\t\t\t\t<\/div>\n\t\t\t\t\n\t\t\t\t\t\t\t\t\t<\/div>\n\t\t\t\t\t\t<\/div>\n\t\t\t\t<\/div>\n\t\t\t\t<div class=\"elementor-element elementor-element-a44188c elementor-widget elementor-widget-text-editor\" data-id=\"a44188c\" data-element_type=\"widget\" data-widget_type=\"text-editor.default\">\n\t\t\t\t<div class=\"elementor-widget-container\">\n\t\t\t\t\t\t\t\t\tRafting, auch bekannt als Wildwasser-Rafting, ist eine auf Bali weit verbreitete Freizeitaktivit\u00e4t, bei der Sie durch raues Wasser und Wildwasser-Stromschnellen navigieren. Bali bietet Rafting-Erlebnisse, die von ruhigen und gelassenen Flo\u00dffahrten bis hin zu extremen und herausfordernden Expeditionen reichen.\n\t\t\t\t\t\t\t\t<\/div>\n\t\t\t\t<\/div>\n\t\t\t\t<div class=\"elementor-element elementor-element-371283e elementor-widget-divider--view-line elementor-widget elementor-widget-divider\" data-id=\"371283e\" data-element_type=\"widget\" data-widget_type=\"divider.default\">\n\t\t\t\t<div class=\"elementor-widget-container\">\n\t\t\t\t\t\t\t<div class=\"elementor-divider\">\n\t\t\t<span class=\"elementor-divider-separator\">\n\t\t\t\t\t\t<\/span>\n\t\t<\/div>\n\t\t\t\t\t\t<\/div>\n\t\t\t\t<\/div>\n\t\t\t\t\t<\/div>\n\t\t\t\t<\/div>\n\t\t<div class=\"elementor-element elementor-element-a1cf5a4 e-flex e-con-boxed e-con e-parent\" data-id=\"a1cf5a4\" data-element_type=\"container\">\n\t\t\t\t\t<div class=\"e-con-inner\">\n\t\t\t\t<div class=\"elementor-element elementor-element-fe68590 elementor-widget elementor-widget-heading\" data-id=\"fe68590\" data-element_type=\"widget\" data-widget_type=\"heading.default\">\n\t\t\t\t<div class=\"elementor-widget-container\">\n\t\t\t\t\t<h2 class=\"elementor-heading-title elementor-size-default\">Standort:<\/h2>\t\t\t\t<\/div>\n\t\t\t\t<\/div>\n\t\t\t\t\t<\/div>\n\t\t\t\t<\/div>\n\t\t<div class=\"elementor-element elementor-element-ab4019a e-flex e-con-boxed e-con e-parent\" data-id=\"ab4019a\" data-element_type=\"container\">\n\t\t\t\t\t<div class=\"e-con-inner\">\n\t\t<div class=\"elementor-element elementor-element-0464503 e-con-full e-flex e-con e-child\" data-id=\"0464503\" data-element_type=\"container\">\n\t\t\t\t<div class=\"elementor-element elementor-element-5ba0bcc elementor-widget elementor-widget-text-editor\" data-id=\"5ba0bcc\" data-element_type=\"widget\" data-widget_type=\"text-editor.default\">\n\t\t\t\t<div class=\"elementor-widget-container\">\n\t\t\t\t\t\t\t\t\t<p>Bali, Indonesien, bietet mehrere erstklassige Orte f\u00fcr Rafting. Die beliebtesten sind der Ayung River und der Telaga Waja River.<\/p>\n\t\t\t\t\t\t\t\t<\/div>\n\t\t\t\t<\/div>\n\t\t\t\t<\/div>\n\t\t\t\t\t<\/div>\n\t\t\t\t<\/div>\n\t\t<div class=\"elementor-element elementor-element-b301cd5 e-flex e-con-boxed e-con e-parent\" data-id=\"b301cd5\" data-element_type=\"container\">\n\t\t\t\t\t<div class=\"e-con-inner\">\n\t\t<div class=\"elementor-element elementor-element-6b2bad6 e-con-full e-flex e-con e-child\" data-id=\"6b2bad6\" data-element_type=\"container\">\n\t\t\t\t<div class=\"elementor-element elementor-element-54e38c6 elementor-widget elementor-widget-text-editor\" data-id=\"54e38c6\" data-element_type=\"widget\" data-widget_type=\"text-editor.default\">\n\t\t\t\t<div class=\"elementor-widget-container\">\n\t\t\t\t\t\t\t\t\t<p><strong>Ayung Fluss<\/strong>: Der Ayung River in der N\u00e4he von Ubud ist der l\u00e4ngste Fluss Balis und bietet eine Mischung aus ruhigem Wasser und anspruchsvolleren Stromschnellen. Sie ist sowohl f\u00fcr Anf\u00e4nger als auch f\u00fcr erfahrene Rafter geeignet.<\/p>\n<p><strong>Telaga Waja Fluss<\/strong>: Dieser Fluss im \u00f6stlichen Teil von Bali ist bekannt f\u00fcr seine lange Raftingroute und die st\u00e4ndigen Stromschnellen, die ihn zu einem idealen Ort f\u00fcr alle machen, die einen Adrenalinkick suchen.<\/p>\n\t\t\t\t\t\t\t\t<\/div>\n\t\t\t\t<\/div>\n\t\t\t\t<\/div>\n\t\t<div class=\"elementor-element elementor-element-3d0388f e-con-full e-flex e-con e-child\" data-id=\"3d0388f\" data-element_type=\"container\">\n\t\t\t\t<div class=\"elementor-element elementor-element-0fe0265 elementor-widget elementor-widget-image\" data-id=\"0fe0265\" data-element_type=\"widget\" data-widget_type=\"image.default\">\n\t\t\t\t<div class=\"elementor-widget-container\">\n\t\t\t\t\t\t\t\t\t\t\t\t\t\t\t<img fetchpriority=\"high\" decoding=\"async\" width=\"768\" height=\"512\" src=\"https:\/\/i0.wp.com\/jbvillasbali.com\/wp-content\/uploads\/2025\/01\/a54a04e9-a0cb-435b-912b-8d56057606e6.jpg.webp?fit=768%2C512&amp;ssl=1\" class=\"attachment-large size-large wp-image-5147\" alt=\"\" srcset=\"https:\/\/i0.wp.com\/jbvillasbali.com\/wp-content\/uploads\/2025\/01\/a54a04e9-a0cb-435b-912b-8d56057606e6.jpg.webp?w=768&amp;ssl=1 768w, https:\/\/i0.wp.com\/jbvillasbali.com\/wp-content\/uploads\/2025\/01\/a54a04e9-a0cb-435b-912b-8d56057606e6.jpg.webp?resize=300%2C200&amp;ssl=1 300w, https:\/\/i0.wp.com\/jbvillasbali.com\/wp-content\/uploads\/2025\/01\/a54a04e9-a0cb-435b-912b-8d56057606e6.jpg.webp?resize=712%2C475&amp;ssl=1 712w\" sizes=\"(max-width: 768px) 100vw, 768px\" data-attachment-id=\"5147\" data-permalink=\"https:\/\/jbvillasbali.com\/de\/activities\/rafting-in-ubud\/a54a04e9-a0cb-435b-912b-8d56057606e6-jpg\/\" data-orig-file=\"https:\/\/i0.wp.com\/jbvillasbali.com\/wp-content\/uploads\/2025\/01\/a54a04e9-a0cb-435b-912b-8d56057606e6.jpg.webp?fit=768%2C512&amp;ssl=1\" data-orig-size=\"768,512\" data-comments-opened=\"1\" data-image-meta=\"{&quot;aperture&quot;:&quot;0&quot;,&quot;credit&quot;:&quot;&quot;,&quot;camera&quot;:&quot;&quot;,&quot;caption&quot;:&quot;&quot;,&quot;created_timestamp&quot;:&quot;0&quot;,&quot;copyright&quot;:&quot;&quot;,&quot;focal_length&quot;:&quot;0&quot;,&quot;iso&quot;:&quot;0&quot;,&quot;shutter_speed&quot;:&quot;0&quot;,&quot;title&quot;:&quot;&quot;,&quot;orientation&quot;:&quot;0&quot;}\" data-image-title=\"a54a04e9-a0cb-435b-912b-8d56057606e6.jpg\" data-image-description=\"\" data-image-caption=\"\" data-medium-file=\"https:\/\/i0.wp.com\/jbvillasbali.com\/wp-content\/uploads\/2025\/01\/a54a04e9-a0cb-435b-912b-8d56057606e6.jpg.webp?fit=300%2C200&amp;ssl=1\" data-large-file=\"https:\/\/i0.wp.com\/jbvillasbali.com\/wp-content\/uploads\/2025\/01\/a54a04e9-a0cb-435b-912b-8d56057606e6.jpg.webp?fit=768%2C512&amp;ssl=1\" \/>\t\t\t\t\t\t\t\t\t\t\t\t\t\t\t<\/div>\n\t\t\t\t<\/div>\n\t\t\t\t<\/div>\n\t\t\t\t\t<\/div>\n\t\t\t\t<\/div>\n\t\t<div class=\"elementor-element elementor-element-c94fec6 e-flex e-con-boxed e-con e-parent\" data-id=\"c94fec6\" data-element_type=\"container\">\n\t\t\t\t\t<div class=\"e-con-inner\">\n\t\t\t\t<div class=\"elementor-element elementor-element-f335ce1 elementor-widget-divider--view-line elementor-widget elementor-widget-divider\" data-id=\"f335ce1\" data-element_type=\"widget\" data-widget_type=\"divider.default\">\n\t\t\t\t<div class=\"elementor-widget-container\">\n\t\t\t\t\t\t\t<div class=\"elementor-divider\">\n\t\t\t<span class=\"elementor-divider-separator\">\n\t\t\t\t\t\t<\/span>\n\t\t<\/div>\n\t\t\t\t\t\t<\/div>\n\t\t\t\t<\/div>\n\t\t\t\t\t<\/div>\n\t\t\t\t<\/div>\n\t\t<div class=\"elementor-element elementor-element-f751eb7 e-flex e-con-boxed e-con e-parent\" data-id=\"f751eb7\" data-element_type=\"container\">\n\t\t\t\t\t<div class=\"e-con-inner\">\n\t\t<div class=\"elementor-element elementor-element-3f55985 e-con-full e-flex e-con e-child\" data-id=\"3f55985\" data-element_type=\"container\">\n\t\t\t\t<div class=\"elementor-element elementor-element-2019c5f elementor-widget elementor-widget-heading\" data-id=\"2019c5f\" data-element_type=\"widget\" data-widget_type=\"heading.default\">\n\t\t\t\t<div class=\"elementor-widget-container\">\n\t\t\t\t\t<h2 class=\"elementor-heading-title elementor-size-default\">Die Erfahrung<\/h2>\t\t\t\t<\/div>\n\t\t\t\t<\/div>\n\t\t\t\t<div class=\"elementor-element elementor-element-8dfa5e8 elementor-widget elementor-widget-text-editor\" data-id=\"8dfa5e8\" data-element_type=\"widget\" data-widget_type=\"text-editor.default\">\n\t\t\t\t<div class=\"elementor-widget-container\">\n\t\t\t\t\t\t\t\t\t<p>Rafting auf Bali ist ein aufregendes Abenteuer, bei dem Sie die \u00fcppigen Landschaften und die Tierwelt der Insel kennenlernen k\u00f6nnen. Die Teilnehmer k\u00f6nnen erwarten, dass sie etwas erleben:<\/p>\n<ul>\n<li style=\"list-style-type: none;\">\n<ul>\n<li><strong>Aufregende Stromschnellen<\/strong>: Sowohl der Ayung als auch der Telaga Waja Fluss bieten verschiedene Klassen von Stromschnellen, die eine Mischung aus Aufregung und Herausforderung darstellen.<\/li>\n<li><strong>Atemberaubende Landschaften<\/strong>: Die Raftingrouten auf Bali f\u00fchren Sie durch dichten Dschungel, vorbei an Wasserf\u00e4llen und entlang beeindruckender Felsformationen und Klippen.<\/li>\n<li><strong>Kulturelle Sehensw\u00fcrdigkeiten<\/strong>: Auf dem Ayung-Fluss kommen die Rafter oft an Steinmetzarbeiten und kleinen Tempeln vorbei, die einen Einblick in das reiche kulturelle Erbe Balis bieten.<\/li>\n<li><strong>Wildtiere<\/strong>: Die Fl\u00fcsse sind die Heimat verschiedener Vogelarten und anderer Wildtiere und bieten eine einzigartige Gelegenheit, die Natur aus n\u00e4chster N\u00e4he zu beobachten.<\/li>\n<\/ul>\n<\/li>\n<\/ul>\n\t\t\t\t\t\t\t\t<\/div>\n\t\t\t\t<\/div>\n\t\t\t\t<\/div>\n\t\t\t\t\t<\/div>\n\t\t\t\t<\/div>\n\t\t<div class=\"elementor-element elementor-element-47ad184 e-flex e-con-boxed e-con e-parent\" data-id=\"47ad184\" data-element_type=\"container\">\n\t\t\t\t\t<div class=\"e-con-inner\">\n\t\t\t\t<div class=\"elementor-element elementor-element-3cfb82f elementor-widget-divider--view-line elementor-widget elementor-widget-divider\" data-id=\"3cfb82f\" data-element_type=\"widget\" data-widget_type=\"divider.default\">\n\t\t\t\t<div class=\"elementor-widget-container\">\n\t\t\t\t\t\t\t<div class=\"elementor-divider\">\n\t\t\t<span class=\"elementor-divider-separator\">\n\t\t\t\t\t\t<\/span>\n\t\t<\/div>\n\t\t\t\t\t\t<\/div>\n\t\t\t\t<\/div>\n\t\t\t\t\t<\/div>\n\t\t\t\t<\/div>\n\t\t<div class=\"elementor-element elementor-element-f7dacdc e-flex e-con-boxed e-con e-parent\" data-id=\"f7dacdc\" data-element_type=\"container\">\n\t\t\t\t\t<div class=\"e-con-inner\">\n\t\t<div class=\"elementor-element elementor-element-78ba54d e-con-full e-flex e-con e-child\" data-id=\"78ba54d\" data-element_type=\"container\">\n\t\t\t\t<div class=\"elementor-element elementor-element-9922552 elementor-widget elementor-widget-heading\" data-id=\"9922552\" data-element_type=\"widget\" data-widget_type=\"heading.default\">\n\t\t\t\t<div class=\"elementor-widget-container\">\n\t\t\t\t\t<h2 class=\"elementor-heading-title elementor-size-default\">Vorteile<\/h2>\t\t\t\t<\/div>\n\t\t\t\t<\/div>\n\t\t\t\t<div class=\"elementor-element elementor-element-6a7b4ca elementor-widget elementor-widget-text-editor\" data-id=\"6a7b4ca\" data-element_type=\"widget\" data-widget_type=\"text-editor.default\">\n\t\t\t\t<div class=\"elementor-widget-container\">\n\t\t\t\t\t\t\t\t\t<p>Rafting bietet mehrere Vorteile, sowohl k\u00f6rperlich als auch geistig:<\/p>\n<ul>\n<li><strong>K\u00f6rperliche Ert\u00fcchtigung<\/strong>: Das Paddeln und Navigieren auf dem Flo\u00df ist ein Ganzk\u00f6rpertraining, das die Gesundheit des Herz-Kreislauf-Systems, die Muskelkraft und die Ausdauer verbessert.<\/li>\n<li><strong>Teambildung<\/strong>: Rafting erfordert Teamwork und Kommunikation, was es zu einer gro\u00dfartigen Aktivit\u00e4t f\u00fcr Gruppen und Familien macht, die sich zusammenschlie\u00dfen und zusammenarbeiten wollen.<\/li>\n<li><strong>Stressabbau<\/strong>: Die nat\u00fcrliche Umgebung und der Nervenkitzel der Stromschnellen k\u00f6nnen helfen, Stress abzubauen und ein Gef\u00fchl von Abenteuer und Erfolg zu vermitteln.<\/li>\n<li><strong>Verbindung zur Natur<\/strong>: Das Eintauchen in die nat\u00fcrliche Sch\u00f6nheit Balis kann eine tiefere Wertsch\u00e4tzung f\u00fcr die Umwelt und ein Gef\u00fchl des Wohlbefindens f\u00f6rdern.<\/li>\n<\/ul>\n\t\t\t\t\t\t\t\t<\/div>\n\t\t\t\t<\/div>\n\t\t\t\t<\/div>\n\t\t\t\t\t<\/div>\n\t\t\t\t<\/div>\n\t\t<div class=\"elementor-element elementor-element-257bb93 e-flex e-con-boxed e-con e-parent\" data-id=\"257bb93\" data-element_type=\"container\">\n\t\t\t\t\t<div class=\"e-con-inner\">\n\t\t\t\t<div class=\"elementor-element elementor-element-520b0e1 elementor-widget-divider--view-line elementor-widget elementor-widget-divider\" data-id=\"520b0e1\" data-element_type=\"widget\" data-widget_type=\"divider.default\">\n\t\t\t\t<div class=\"elementor-widget-container\">\n\t\t\t\t\t\t\t<div class=\"elementor-divider\">\n\t\t\t<span class=\"elementor-divider-separator\">\n\t\t\t\t\t\t<\/span>\n\t\t<\/div>\n\t\t\t\t\t\t<\/div>\n\t\t\t\t<\/div>\n\t\t\t\t\t<\/div>\n\t\t\t\t<\/div>\n\t\t<div class=\"elementor-element elementor-element-e0746eb e-flex e-con-boxed e-con e-parent\" data-id=\"e0746eb\" data-element_type=\"container\">\n\t\t\t\t\t<div class=\"e-con-inner\">\n\t\t<div class=\"elementor-element elementor-element-e73b486 e-con-full e-flex e-con e-child\" data-id=\"e73b486\" data-element_type=\"container\">\n\t\t\t\t<div class=\"elementor-element elementor-element-607e006 elementor-widget elementor-widget-heading\" data-id=\"607e006\" data-element_type=\"widget\" data-widget_type=\"heading.default\">\n\t\t\t\t<div class=\"elementor-widget-container\">\n\t\t\t\t\t<h2 class=\"elementor-heading-title elementor-size-default\">Tipps f\u00fcr Teilnehmer<\/h2>\t\t\t\t<\/div>\n\t\t\t\t<\/div>\n\t\t\t\t<div class=\"elementor-element elementor-element-60a9d5a elementor-widget elementor-widget-text-editor\" data-id=\"60a9d5a\" data-element_type=\"widget\" data-widget_type=\"text-editor.default\">\n\t\t\t\t<div class=\"elementor-widget-container\">\n\t\t\t\t\t\t\t\t\t<ol>\n<li><strong>Sicherheit geht vor<\/strong>: Tragen Sie immer eine Schwimmweste und einen Helm, und h\u00f6ren Sie sich die Sicherheitseinweisung Ihres F\u00fchrers genau an.<\/li>\n<li><strong>Kleiden Sie sich angemessen<\/strong>: Tragen Sie schnell trocknende Kleidung, Wasserschuhe oder Sandalen mit Riemen und vermeiden Sie Baumwolle, da sie Wasser speichert.<\/li>\n<li><strong>Sichern Sie Ihre Besitzt\u00fcmer<\/strong>: Lassen Sie Wertsachen zur\u00fcck oder verwenden Sie wasserdichte Taschen f\u00fcr wichtige Gegenst\u00e4nde.<\/li>\n<li><strong>Bleiben Sie hydriert<\/strong>: Nehmen Sie Wasser mit und bleiben Sie hydriert, besonders im warmen Klima von Bali.<\/li>\n<li><strong>Befolgen Sie die Anweisungen<\/strong>: Befolgen Sie die Anweisungen Ihres Guides und arbeiten Sie als Team zusammen, um die Stromschnellen sicher zu befahren.<\/li>\n<\/ol>\n\t\t\t\t\t\t\t\t<\/div>\n\t\t\t\t<\/div>\n\t\t\t\t<\/div>\n\t\t\t\t\t<\/div>\n\t\t\t\t<\/div>\n\t\t<div class=\"elementor-element elementor-element-922ada2 e-flex e-con-boxed e-con e-parent\" data-id=\"922ada2\" data-element_type=\"container\">\n\t\t\t\t\t<div class=\"e-con-inner\">\n\t\t\t\t<div class=\"elementor-element elementor-element-c28b1ac elementor-widget-divider--view-line elementor-widget elementor-widget-divider\" data-id=\"c28b1ac\" data-element_type=\"widget\" data-widget_type=\"divider.default\">\n\t\t\t\t<div class=\"elementor-widget-container\">\n\t\t\t\t\t\t\t<div class=\"elementor-divider\">\n\t\t\t<span class=\"elementor-divider-separator\">\n\t\t\t\t\t\t<\/span>\n\t\t<\/div>\n\t\t\t\t\t\t<\/div>\n\t\t\t\t<\/div>\n\t\t\t\t\t<\/div>\n\t\t\t\t<\/div>\n\t\t<div class=\"elementor-element elementor-element-09bdbec e-flex e-con-boxed e-con e-parent\" data-id=\"09bdbec\" data-element_type=\"container\">\n\t\t\t\t\t<div class=\"e-con-inner\">\n\t\t<div class=\"elementor-element elementor-element-10183a2 e-con-full e-flex e-con e-child\" data-id=\"10183a2\" data-element_type=\"container\">\n\t\t\t\t<div class=\"elementor-element elementor-element-e22f819 elementor-widget elementor-widget-heading\" data-id=\"e22f819\" data-element_type=\"widget\" data-widget_type=\"heading.default\">\n\t\t\t\t<div class=\"elementor-widget-container\">\n\t\t\t\t\t<h2 class=\"elementor-heading-title elementor-size-default\">Fazit<\/h2>\t\t\t\t<\/div>\n\t\t\t\t<\/div>\n\t\t\t\t<div class=\"elementor-element elementor-element-c352653 elementor-widget elementor-widget-text-editor\" data-id=\"c352653\" data-element_type=\"widget\" data-widget_type=\"text-editor.default\">\n\t\t\t\t<div class=\"elementor-widget-container\">\n\t\t\t\t\t\t\t\t\t<p>Rafting auf Bali ist ein unvergessliches Erlebnis, das den Nervenkitzel beim Befahren von Stromschnellen mit der ruhigen Sch\u00f6nheit der Naturlandschaften der Insel verbindet. Egal ob Sie Anf\u00e4nger oder erfahrener Rafter sind, Balis Fl\u00fcsse bieten eine einzigartige Gelegenheit, die Insel aus einer anderen Perspektive zu erkunden. Mit der richtigen Vorbereitung und Sicherheitsma\u00dfnahmen kann Rafting ein aufregendes und lohnendes Abenteuer f\u00fcr alle Teilnehmer sein.<\/p>\n\t\t\t\t\t\t\t\t<\/div>\n\t\t\t\t<\/div>\n\t\t\t\t<\/div>\n\t\t\t\t\t<\/div>\n\t\t\t\t<\/div>\n\t\t<div class=\"elementor-element elementor-element-448ffd6 e-flex e-con-boxed e-con e-parent\" data-id=\"448ffd6\" data-element_type=\"container\">\n\t\t\t\t\t<div class=\"e-con-inner\">\n\t\t\t\t<div class=\"elementor-element elementor-element-44bbbf4 elementor-widget-divider--view-line elementor-widget elementor-widget-divider\" data-id=\"44bbbf4\" data-element_type=\"widget\" data-widget_type=\"divider.default\">\n\t\t\t\t<div class=\"elementor-widget-container\">\n\t\t\t\t\t\t\t<div class=\"elementor-divider\">\n\t\t\t<span class=\"elementor-divider-separator\">\n\t\t\t\t\t\t<\/span>\n\t\t<\/div>\n\t\t\t\t\t\t<\/div>\n\t\t\t\t<\/div>\n\t\t\t\t\t<\/div>\n\t\t\t\t<\/div>\n\t\t\t\t<\/div>\n\t\t","protected":false},"excerpt":{"rendered":"<p>Rafting, auch bekannt als Wildwasser-Rafting, ist eine auf Bali weit verbreitete Freizeitaktivit\u00e4t, bei der Sie durch raues Wasser und Wildwasser-Stromschnellen navigieren. Bali bietet Rafting-Erlebnisse, die von ruhigen und gelassenen Flo\u00dffahrten bis hin zu extremen und herausfordernden Expeditionen reichen. Standort: Bali, Indonesien, bietet mehrere erstklassige Orte f\u00fcr Rafting. Die beliebtesten sind der Ayung River und der &hellip; <a href=\"https:\/\/jbvillasbali.com\/de\/aktivitaeten__trashed\/rafting-in-ubud__trashed\/\" class=\"more-link\">Weiterlesen <span class=\"screen-reader-text\"> &#8222;Rafting in Ubud&#8220;<\/span><\/a><\/p>\n","protected":false},"author":1,"featured_media":5629,"parent":4986,"menu_order":0,"comment_status":"closed","ping_status":"closed","template":"","meta":{"_monsterinsights_skip_tracking":false,"_monsterinsights_sitenote_active":false,"_monsterinsights_sitenote_note":"","_monsterinsights_sitenote_category":0,"advanced_seo_description":"","jetpack_seo_html_title":"","jetpack_seo_noindex":false,"jetpack_post_was_ever_published":false,"footnotes":""},"class_list":["post-4967","page","type-page","status-publish","has-post-thumbnail","hentry"],"jetpack_sharing_enabled":true,"jetpack_likes_enabled":true,"_links":{"self":[{"href":"https:\/\/jbvillasbali.com\/de\/wp-json\/wp\/v2\/pages\/4967","targetHints":{"allow":["GET"]}}],"collection":[{"href":"https:\/\/jbvillasbali.com\/de\/wp-json\/wp\/v2\/pages"}],"about":[{"href":"https:\/\/jbvillasbali.com\/de\/wp-json\/wp\/v2\/types\/page"}],"author":[{"embeddable":true,"href":"https:\/\/jbvillasbali.com\/de\/wp-json\/wp\/v2\/users\/1"}],"replies":[{"embeddable":true,"href":"https:\/\/jbvillasbali.com\/de\/wp-json\/wp\/v2\/comments?post=4967"}],"version-history":[{"count":4,"href":"https:\/\/jbvillasbali.com\/de\/wp-json\/wp\/v2\/pages\/4967\/revisions"}],"predecessor-version":[{"id":5742,"href":"https:\/\/jbvillasbali.com\/de\/wp-json\/wp\/v2\/pages\/4967\/revisions\/5742"}],"up":[{"embeddable":true,"href":"https:\/\/jbvillasbali.com\/de\/wp-json\/wp\/v2\/pages\/4986"}],"wp:featuredmedia":[{"embeddable":true,"href":"https:\/\/jbvillasbali.com\/de\/wp-json\/wp\/v2\/media\/5629"}],"wp:attachment":[{"href":"https:\/\/jbvillasbali.com\/de\/wp-json\/wp\/v2\/media?parent=4967"}],"curies":[{"name":"wp","href":"https:\/\/api.w.org\/{rel}","templated":true}]}}