{"id":4964,"date":"2025-01-06T19:04:33","date_gmt":"2025-01-06T19:04:33","guid":{"rendered":"https:\/\/jbvillasbali.com\/nehmen-sie-an-einer-schildkroetenbefreiung-teil\/"},"modified":"2025-01-06T19:16:42","modified_gmt":"2025-01-06T19:16:42","slug":"nehmen-sie-an-einer-schildkroetenbefreiung-teil__trashed","status":"publish","type":"page","link":"https:\/\/jbvillasbali.com\/de\/aktivitaeten__trashed\/nehmen-sie-an-einer-schildkroetenbefreiung-teil__trashed\/","title":{"rendered":"Nehmen Sie an einer Schildkr\u00f6tenbefreiung teil"},"content":{"rendered":"\t\t<div data-elementor-type=\"wp-page\" data-elementor-id=\"4964\" class=\"elementor elementor-4964 elementor-4974\" data-elementor-post-type=\"page\">\n\t\t\t\t<div class=\"elementor-element elementor-element-357288b e-flex e-con-boxed e-con e-parent\" data-id=\"357288b\" data-element_type=\"container\">\n\t\t\t\t\t<div class=\"e-con-inner\">\n\t\t\t\t<div class=\"elementor-element elementor-element-2614a9f elementor-arrows-position-inside elementor-widget elementor-widget-image-carousel\" data-id=\"2614a9f\" data-element_type=\"widget\" data-settings=\"{&quot;slides_to_show&quot;:&quot;1&quot;,&quot;navigation&quot;:&quot;arrows&quot;,&quot;autoplay&quot;:&quot;yes&quot;,&quot;pause_on_hover&quot;:&quot;yes&quot;,&quot;pause_on_interaction&quot;:&quot;yes&quot;,&quot;autoplay_speed&quot;:5000,&quot;infinite&quot;:&quot;yes&quot;,&quot;effect&quot;:&quot;slide&quot;,&quot;speed&quot;:500}\" data-widget_type=\"image-carousel.default\">\n\t\t\t\t<div class=\"elementor-widget-container\">\n\t\t\t\t\t\t\t<div class=\"elementor-image-carousel-wrapper swiper\" role=\"region\" aria-roledescription=\"carousel\" aria-label=\"Image Carousel\" dir=\"ltr\">\n\t\t\t<div class=\"elementor-image-carousel swiper-wrapper\" aria-live=\"off\">\n\t\t\t\t\t\t\t\t<div class=\"swiper-slide\" role=\"group\" aria-roledescription=\"slide\" aria-label=\"1 von 2\"><a data-elementor-open-lightbox=\"yes\" data-elementor-lightbox-slideshow=\"2614a9f\" data-elementor-lightbox-title=\"Screenshot 2025-01-05 at 16.41.29-02\" data-e-action-hash=\"#elementor-action%3Aaction%3Dlightbox%26settings%3DeyJpZCI6NTE4MiwidXJsIjoiaHR0cHM6XC9cL2pidmlsbGFzYmFsaS5jb21cL3dwLWNvbnRlbnRcL3VwbG9hZHNcLzIwMjVcLzAxXC9TY3JlZW5zaG90LTIwMjUtMDEtMDUtYXQtMTYuNDEuMjktMDItMS1zY2FsZWQuanBnIiwic2xpZGVzaG93IjoiMjYxNGE5ZiJ9\" href=\"https:\/\/i0.wp.com\/jbvillasbali.com\/wp-content\/uploads\/2025\/01\/Screenshot-2025-01-05-at-16.41.29-02-1-scaled.jpg?ssl=1\"><figure class=\"swiper-slide-inner\"><img decoding=\"async\" class=\"swiper-slide-image\" src=\"https:\/\/i0.wp.com\/jbvillasbali.com\/wp-content\/uploads\/2025\/01\/Screenshot-2025-01-05-at-16.41.29-02-1-scaled.jpg?fit=2560%2C1273&amp;ssl=1\" alt=\"Screenshot 2025-01-05 at 16.41.29-02\" \/><\/figure><\/a><\/div><div class=\"swiper-slide\" role=\"group\" aria-roledescription=\"slide\" aria-label=\"2 von 2\"><a data-elementor-open-lightbox=\"yes\" data-elementor-lightbox-slideshow=\"2614a9f\" data-elementor-lightbox-title=\"Screenshot 2025-01-05 at 16.41.29-04\" data-e-action-hash=\"#elementor-action%3Aaction%3Dlightbox%26settings%3DeyJpZCI6NTE4NCwidXJsIjoiaHR0cHM6XC9cL2pidmlsbGFzYmFsaS5jb21cL3dwLWNvbnRlbnRcL3VwbG9hZHNcLzIwMjVcLzAxXC9TY3JlZW5zaG90LTIwMjUtMDEtMDUtYXQtMTYuNDEuMjktMDQtc2NhbGVkLmpwZyIsInNsaWRlc2hvdyI6IjI2MTRhOWYifQ%3D%3D\" href=\"https:\/\/i0.wp.com\/jbvillasbali.com\/wp-content\/uploads\/2025\/01\/Screenshot-2025-01-05-at-16.41.29-04-scaled.jpg?ssl=1\"><figure class=\"swiper-slide-inner\"><img decoding=\"async\" class=\"swiper-slide-image\" src=\"https:\/\/i0.wp.com\/jbvillasbali.com\/wp-content\/uploads\/2025\/01\/Screenshot-2025-01-05-at-16.41.29-04-scaled.jpg?fit=2560%2C1273&amp;ssl=1\" alt=\"Screenshot 2025-01-05 at 16.41.29-04\" \/><\/figure><\/a><\/div>\t\t\t<\/div>\n\t\t\t\t\t\t\t\t\t\t\t\t<div class=\"elementor-swiper-button elementor-swiper-button-prev\" role=\"button\" tabindex=\"0\">\n\t\t\t\t\t\t<svg aria-hidden=\"true\" class=\"e-font-icon-svg e-eicon-chevron-left\" viewBox=\"0 0 1000 1000\" xmlns=\"http:\/\/www.w3.org\/2000\/svg\"><path d=\"M646 125C629 125 613 133 604 142L308 442C296 454 292 471 292 487 292 504 296 521 308 533L604 854C617 867 629 875 646 875 663 875 679 871 692 858 704 846 713 829 713 812 713 796 708 779 692 767L438 487 692 225C700 217 708 204 708 187 708 171 704 154 692 142 675 129 663 125 646 125Z\"><\/path><\/svg>\t\t\t\t\t<\/div>\n\t\t\t\t\t<div class=\"elementor-swiper-button elementor-swiper-button-next\" role=\"button\" tabindex=\"0\">\n\t\t\t\t\t\t<svg aria-hidden=\"true\" class=\"e-font-icon-svg e-eicon-chevron-right\" viewBox=\"0 0 1000 1000\" xmlns=\"http:\/\/www.w3.org\/2000\/svg\"><path d=\"M696 533C708 521 713 504 713 487 713 471 708 454 696 446L400 146C388 133 375 125 354 125 338 125 325 129 313 142 300 154 292 171 292 187 292 204 296 221 308 233L563 492 304 771C292 783 288 800 288 817 288 833 296 850 308 863 321 871 338 875 354 875 371 875 388 867 400 854L696 533Z\"><\/path><\/svg>\t\t\t\t\t<\/div>\n\t\t\t\t\n\t\t\t\t\t\t\t\t\t<\/div>\n\t\t\t\t\t\t<\/div>\n\t\t\t\t<\/div>\n\t\t\t\t<div class=\"elementor-element elementor-element-903216a elementor-widget elementor-widget-text-editor\" data-id=\"903216a\" data-element_type=\"widget\" data-widget_type=\"text-editor.default\">\n\t\t\t\t<div class=\"elementor-widget-container\">\n\t\t\t\t\t\t\t\t\tEin tolles Erlebnis f\u00fcr Jung und Alt! Von Ende April bis Anfang Oktober legen die Schildkr\u00f6ten jedes Jahr ihre Eier an den Str\u00e4nden von Bali ab. Diese Eier werden eingesammelt und in eine sichere Umgebung gebracht, bis sie schl\u00fcpfen, wo sie dann wieder in die Umwelt entlassen werden. Hier k\u00f6nnen Sie sich einbringen!\n\t\t\t\t\t\t\t\t<\/div>\n\t\t\t\t<\/div>\n\t\t\t\t<div class=\"elementor-element elementor-element-6dc424c elementor-widget-divider--view-line elementor-widget elementor-widget-divider\" data-id=\"6dc424c\" data-element_type=\"widget\" data-widget_type=\"divider.default\">\n\t\t\t\t<div class=\"elementor-widget-container\">\n\t\t\t\t\t\t\t<div class=\"elementor-divider\">\n\t\t\t<span class=\"elementor-divider-separator\">\n\t\t\t\t\t\t<\/span>\n\t\t<\/div>\n\t\t\t\t\t\t<\/div>\n\t\t\t\t<\/div>\n\t\t\t\t\t<\/div>\n\t\t\t\t<\/div>\n\t\t<div class=\"elementor-element elementor-element-ecbb802 e-flex e-con-boxed e-con e-parent\" data-id=\"ecbb802\" data-element_type=\"container\">\n\t\t\t\t\t<div class=\"e-con-inner\">\n\t\t<div class=\"elementor-element elementor-element-b927832 e-con-full e-flex e-con e-child\" data-id=\"b927832\" data-element_type=\"container\">\n\t\t\t\t<div class=\"elementor-element elementor-element-d7390ae elementor-widget elementor-widget-heading\" data-id=\"d7390ae\" data-element_type=\"widget\" data-widget_type=\"heading.default\">\n\t\t\t\t<div class=\"elementor-widget-container\">\n\t\t\t\t\t<h2 class=\"elementor-heading-title elementor-size-default\">Standort: Kuta oder Sanur, Bali<\/h2>\t\t\t\t<\/div>\n\t\t\t\t<\/div>\n\t\t\t\t<div class=\"elementor-element elementor-element-dc5bcba elementor-widget elementor-widget-text-editor\" data-id=\"dc5bcba\" data-element_type=\"widget\" data-widget_type=\"text-editor.default\">\n\t\t\t\t<div class=\"elementor-widget-container\">\n\t\t\t\t\t\t\t\t\t<p>Es gibt mehrere Orte, an denen Sie an diesen Schildkr\u00f6tenauswilderungsaktionen teilnehmen k\u00f6nnen. Der erste ist das Kuta Beach Sea Turtle Conservation Centre (KBSTCC). Das zweite ist das Genius Cafe in Sanur. Die Freilassung der Schildkr\u00f6ten h\u00e4ngt davon ab, wann die Jungtiere schl\u00fcpfen und so m\u00fcssen Sie die sozialen Medien im Auge behalten, um zu erfahren, wann die n\u00e4chste Freilassung stattfindet. Sollte dies nicht der Fall sein, lassen Sie uns wissen, ob Sie daran interessiert sind, und wir werden den f\u00fcr Sie am besten geeigneten Ort finden, an dem Sie w\u00e4hrend Ihres Aufenthalts teilnehmen k\u00f6nnen.<\/p>\n\t\t\t\t\t\t\t\t<\/div>\n\t\t\t\t<\/div>\n\t\t\t\t<\/div>\n\t\t<div class=\"elementor-element elementor-element-7177bbe e-con-full e-flex e-con e-child\" data-id=\"7177bbe\" data-element_type=\"container\">\n\t\t\t\t<div class=\"elementor-element elementor-element-0cbfff1 elementor-widget elementor-widget-image\" data-id=\"0cbfff1\" data-element_type=\"widget\" data-widget_type=\"image.default\">\n\t\t\t\t<div class=\"elementor-widget-container\">\n\t\t\t\t\t\t\t\t\t\t\t\t\t\t\t<img fetchpriority=\"high\" decoding=\"async\" width=\"769\" height=\"495\" src=\"https:\/\/i0.wp.com\/jbvillasbali.com\/wp-content\/uploads\/2025\/01\/Screenshot-2025-01-05-at-164129-e1736094429566.jpeg?fit=769%2C495&amp;ssl=1\" class=\"attachment-large size-large wp-image-5187\" alt=\"\" srcset=\"https:\/\/i0.wp.com\/jbvillasbali.com\/wp-content\/uploads\/2025\/01\/Screenshot-2025-01-05-at-164129-e1736094429566.jpeg?w=1076&amp;ssl=1 1076w, https:\/\/i0.wp.com\/jbvillasbali.com\/wp-content\/uploads\/2025\/01\/Screenshot-2025-01-05-at-164129-e1736094429566.jpeg?resize=300%2C193&amp;ssl=1 300w, https:\/\/i0.wp.com\/jbvillasbali.com\/wp-content\/uploads\/2025\/01\/Screenshot-2025-01-05-at-164129-e1736094429566.jpeg?resize=1024%2C659&amp;ssl=1 1024w, https:\/\/i0.wp.com\/jbvillasbali.com\/wp-content\/uploads\/2025\/01\/Screenshot-2025-01-05-at-164129-e1736094429566.jpeg?resize=768%2C494&amp;ssl=1 768w, https:\/\/i0.wp.com\/jbvillasbali.com\/wp-content\/uploads\/2025\/01\/Screenshot-2025-01-05-at-164129-e1736094429566.jpeg?resize=961%2C618&amp;ssl=1 961w, https:\/\/i0.wp.com\/jbvillasbali.com\/wp-content\/uploads\/2025\/01\/Screenshot-2025-01-05-at-164129-e1736094429566.jpeg?resize=712%2C458&amp;ssl=1 712w\" sizes=\"(max-width: 769px) 100vw, 769px\" data-attachment-id=\"5187\" data-permalink=\"https:\/\/jbvillasbali.com\/de\/activities\/take-part-in-a-turtle-release\/screenshot-2025-01-05-at-164129\/\" data-orig-file=\"https:\/\/i0.wp.com\/jbvillasbali.com\/wp-content\/uploads\/2025\/01\/Screenshot-2025-01-05-at-164129-e1736094429566.jpeg?fit=1076%2C692&amp;ssl=1\" data-orig-size=\"1076,692\" data-comments-opened=\"1\" data-image-meta=\"{&quot;aperture&quot;:&quot;0&quot;,&quot;credit&quot;:&quot;&quot;,&quot;camera&quot;:&quot;&quot;,&quot;caption&quot;:&quot;&quot;,&quot;created_timestamp&quot;:&quot;0&quot;,&quot;copyright&quot;:&quot;&quot;,&quot;focal_length&quot;:&quot;0&quot;,&quot;iso&quot;:&quot;0&quot;,&quot;shutter_speed&quot;:&quot;0&quot;,&quot;title&quot;:&quot;&quot;,&quot;orientation&quot;:&quot;0&quot;}\" data-image-title=\"Screenshot 2025-01-05 at 164129\" data-image-description=\"\" data-image-caption=\"\" data-medium-file=\"https:\/\/i0.wp.com\/jbvillasbali.com\/wp-content\/uploads\/2025\/01\/Screenshot-2025-01-05-at-164129-e1736094429566.jpeg?fit=300%2C193&amp;ssl=1\" data-large-file=\"https:\/\/i0.wp.com\/jbvillasbali.com\/wp-content\/uploads\/2025\/01\/Screenshot-2025-01-05-at-164129-e1736094429566.jpeg?fit=769%2C495&amp;ssl=1\" \/>\t\t\t\t\t\t\t\t\t\t\t\t\t\t\t<\/div>\n\t\t\t\t<\/div>\n\t\t\t\t<\/div>\n\t\t\t\t\t<\/div>\n\t\t\t\t<\/div>\n\t\t<div class=\"elementor-element elementor-element-383cbd4 e-flex e-con-boxed e-con e-parent\" data-id=\"383cbd4\" data-element_type=\"container\">\n\t\t\t\t\t<div class=\"e-con-inner\">\n\t\t<div class=\"elementor-element elementor-element-c5c2d3b e-con-full e-flex e-con e-child\" data-id=\"c5c2d3b\" data-element_type=\"container\">\n\t\t\t\t<div class=\"elementor-element elementor-element-1f39fed elementor-widget-divider--view-line elementor-widget elementor-widget-divider\" data-id=\"1f39fed\" data-element_type=\"widget\" data-widget_type=\"divider.default\">\n\t\t\t\t<div class=\"elementor-widget-container\">\n\t\t\t\t\t\t\t<div class=\"elementor-divider\">\n\t\t\t<span class=\"elementor-divider-separator\">\n\t\t\t\t\t\t<\/span>\n\t\t<\/div>\n\t\t\t\t\t\t<\/div>\n\t\t\t\t<\/div>\n\t\t\t\t<div class=\"elementor-element elementor-element-64af55a elementor-widget elementor-widget-heading\" data-id=\"64af55a\" data-element_type=\"widget\" data-widget_type=\"heading.default\">\n\t\t\t\t<div class=\"elementor-widget-container\">\n\t\t\t\t\t<h2 class=\"elementor-heading-title elementor-size-default\">Die Erfahrung<\/h2>\t\t\t\t<\/div>\n\t\t\t\t<\/div>\n\t\t\t\t<div class=\"elementor-element elementor-element-04f5052 elementor-widget elementor-widget-text-editor\" data-id=\"04f5052\" data-element_type=\"widget\" data-widget_type=\"text-editor.default\">\n\t\t\t\t<div class=\"elementor-widget-container\">\n\t\t\t\t\t\t\t\t\t<ol class=\"ol1\">\n<li><strong>FR\u00dcHES ANKOMMEN<\/strong>: Um Entt\u00e4uschungen zu vermeiden, raten wir Ihnen, etwa 1 Stunde vor der geplanten Kartenausgabe zu erscheinen. Sobald die Warteschlange beginnt, w\u00e4chst sie sehr schnell und je nachdem, wie viele Schildkr\u00f6tenbabys geschl\u00fcpft sind, sind auch entsprechend viele Tickets verf\u00fcgbar.<\/li>\n<li><strong>Spenden:<\/strong> Sobald sich die Warteschlange in Bewegung setzt, werden Sie gebeten, etwas Geld in eine Box zu werfen. Es liegt ganz an Ihnen, was Sie f\u00fcr diese Sache spenden m\u00f6chten, denn es handelt sich um eine gemeinn\u00fctzige Organisation, und alle Spenden kommen der Pflege und dem Schutz der Schildkr\u00f6ten in und um Bali zugute. Als Gegenleistung f\u00fcr die Spende erhalten Sie ein Ticket<\/li>\n<li class=\"li2\"><b>Sicherheitseinweisung:<\/b> Bevor Sie in die N\u00e4he der Schildkr\u00f6ten kommen, m\u00fcssen Sie sich eine kleine Sicherheitseinweisung anh\u00f6ren, nicht f\u00fcr Sie selbst, sondern f\u00fcr die Baby-Schildkr\u00f6ten. Diese Einweisung soll Sie dar\u00fcber informieren, dass die Schildkr\u00f6ten sehr empfindlich sind und dass Erwachsene kleine Kinder beaufsichtigen sollten.<\/li>\n<li class=\"li2\"><b>Stellen Sie sich am Strand auf:<\/b> Sobald jeder die verf\u00fcgbaren Schildkr\u00f6ten zugeteilt bekommen hat, tragen Sie sie zum Strand und stellen sich hinter einem Seil im Sand auf. So stellen Sie sicher, dass niemand die Baby-Schildkr\u00f6ten auf ihrer ersten Reise ins Wasser st\u00f6rt!<\/li>\n<li><strong>Los geht&#8217;s!: <\/strong>Wenn Sie dazu aufgefordert werden, k\u00f6nnen Sie Ihren Topf vorsichtig umkippen, damit die Schildkr\u00f6te ins Meer fl\u00fcchten kann. Sie k\u00f6nnen zusehen, wie die Schildkr\u00f6ten den Strand hinunterlaufen und ihre ersten Schritte in den gro\u00dfen Ozean machen.<\/li>\n<\/ol>\n\t\t\t\t\t\t\t\t<\/div>\n\t\t\t\t<\/div>\n\t\t\t\t<div class=\"elementor-element elementor-element-18ec3e6 elementor-widget-divider--view-line elementor-widget elementor-widget-divider\" data-id=\"18ec3e6\" data-element_type=\"widget\" data-widget_type=\"divider.default\">\n\t\t\t\t<div class=\"elementor-widget-container\">\n\t\t\t\t\t\t\t<div class=\"elementor-divider\">\n\t\t\t<span class=\"elementor-divider-separator\">\n\t\t\t\t\t\t<\/span>\n\t\t<\/div>\n\t\t\t\t\t\t<\/div>\n\t\t\t\t<\/div>\n\t\t\t\t<\/div>\n\t\t\t\t\t<\/div>\n\t\t\t\t<\/div>\n\t\t<div class=\"elementor-element elementor-element-1a58feb e-flex e-con-boxed e-con e-parent\" data-id=\"1a58feb\" data-element_type=\"container\">\n\t\t\t\t\t<div class=\"e-con-inner\">\n\t\t<div class=\"elementor-element elementor-element-11198e4 e-con-full e-flex e-con e-child\" data-id=\"11198e4\" data-element_type=\"container\">\n\t\t\t\t<div class=\"elementor-element elementor-element-11c4b63 elementor-widget elementor-widget-heading\" data-id=\"11c4b63\" data-element_type=\"widget\" data-widget_type=\"heading.default\">\n\t\t\t\t<div class=\"elementor-widget-container\">\n\t\t\t\t\t<h2 class=\"elementor-heading-title elementor-size-default\">Dauer<\/h2>\t\t\t\t<\/div>\n\t\t\t\t<\/div>\n\t\t\t\t<div class=\"elementor-element elementor-element-133c89e elementor-widget elementor-widget-text-editor\" data-id=\"133c89e\" data-element_type=\"widget\" data-widget_type=\"text-editor.default\">\n\t\t\t\t<div class=\"elementor-widget-container\">\n\t\t\t\t\t\t\t\t\t<p>In der Regel finden die Freilassungen sp\u00e4ter am Tag statt, wenn der Sand f\u00fcr die Babyschildkr\u00f6ten nicht zu hei\u00df ist. Die gesamte Veranstaltung dauert vom Anstehen bis zur Freilassung der Babyschildkr\u00f6ten etwa 2 Stunden.<\/p>\n\t\t\t\t\t\t\t\t<\/div>\n\t\t\t\t<\/div>\n\t\t\t\t<div class=\"elementor-element elementor-element-20eaf41 elementor-widget-divider--view-line elementor-widget elementor-widget-divider\" data-id=\"20eaf41\" data-element_type=\"widget\" data-widget_type=\"divider.default\">\n\t\t\t\t<div class=\"elementor-widget-container\">\n\t\t\t\t\t\t\t<div class=\"elementor-divider\">\n\t\t\t<span class=\"elementor-divider-separator\">\n\t\t\t\t\t\t<\/span>\n\t\t<\/div>\n\t\t\t\t\t\t<\/div>\n\t\t\t\t<\/div>\n\t\t\t\t<\/div>\n\t\t\t\t\t<\/div>\n\t\t\t\t<\/div>\n\t\t<div class=\"elementor-element elementor-element-326d87e e-flex e-con-boxed e-con e-parent\" data-id=\"326d87e\" data-element_type=\"container\">\n\t\t\t\t\t<div class=\"e-con-inner\">\n\t\t<div class=\"elementor-element elementor-element-d95c11e e-con-full e-flex e-con e-child\" data-id=\"d95c11e\" data-element_type=\"container\">\n\t\t\t\t<div class=\"elementor-element elementor-element-f567fc8 elementor-widget elementor-widget-heading\" data-id=\"f567fc8\" data-element_type=\"widget\" data-widget_type=\"heading.default\">\n\t\t\t\t<div class=\"elementor-widget-container\">\n\t\t\t\t\t<h2 class=\"elementor-heading-title elementor-size-default\">Tipps f\u00fcr Teilnehmer<\/h2>\t\t\t\t<\/div>\n\t\t\t\t<\/div>\n\t\t\t\t<div class=\"elementor-element elementor-element-2461e08 elementor-widget elementor-widget-text-editor\" data-id=\"2461e08\" data-element_type=\"widget\" data-widget_type=\"text-editor.default\">\n\t\t\t\t<div class=\"elementor-widget-container\">\n\t\t\t\t\t\t\t\t\t<p><b>Kommen Sie fr\u00fch:<\/b> Auch wenn auf dem Schild &#8222;Get Token 16:30&#8220; steht, wenn die Warteschlange so gro\u00df ist, dass sie den Gehweg neben dem Strand blockiert, kann es vorkommen, dass der Prozess schon fr\u00fcher beginnt, bis zu 30 Minuten vorher. Wir raten Ihnen daher, gegen 15:15-15:30 Uhr einzutreffen, um Ihren Platz in der Warteschlange zu sichern und Ihre Teilnahme an dem Erlebnis zu garantieren.<\/p>\n<p><b>Vermeiden Sie jeglichen K\u00f6rperkontakt mit den Baby-Schildkr\u00f6ten:<\/b> W\u00e4hrend des gesamten Prozesses sind die Eier lediglich vor Raubtieren und anderen Menschen gesch\u00fctzt. Die Schildkr\u00f6ten werden trotzdem ihre Reise zum Strand machen, wie sie es tun w\u00fcrden, wenn sie einfach am Strand geschl\u00fcpft w\u00e4ren, und die Naturschutzzentren versuchen, den gesamten Prozess so naturnah wie m\u00f6glich zu halten.<\/p>\n<p><b>Bleiben Sie hydriert:<\/b> Nehmen Sie Wasser mit, um hydriert zu bleiben, besonders im warmen Klima von Bali. Entlang der Strandpromenade gibt es auch viele kleine Caf\u00e9s\/Bars, in denen Sie ein eiskaltes Getr\u00e4nk kaufen k\u00f6nnen.<\/p>\n\t\t\t\t\t\t\t\t<\/div>\n\t\t\t\t<\/div>\n\t\t\t\t<div class=\"elementor-element elementor-element-6d22c56 elementor-widget-divider--view-line elementor-widget elementor-widget-divider\" data-id=\"6d22c56\" data-element_type=\"widget\" data-widget_type=\"divider.default\">\n\t\t\t\t<div class=\"elementor-widget-container\">\n\t\t\t\t\t\t\t<div class=\"elementor-divider\">\n\t\t\t<span class=\"elementor-divider-separator\">\n\t\t\t\t\t\t<\/span>\n\t\t<\/div>\n\t\t\t\t\t\t<\/div>\n\t\t\t\t<\/div>\n\t\t\t\t<\/div>\n\t\t\t\t\t<\/div>\n\t\t\t\t<\/div>\n\t\t<div class=\"elementor-element elementor-element-636a0e9 e-flex e-con-boxed e-con e-parent\" data-id=\"636a0e9\" data-element_type=\"container\">\n\t\t\t\t\t<div class=\"e-con-inner\">\n\t\t<div class=\"elementor-element elementor-element-636bcac e-con-full e-flex e-con e-child\" data-id=\"636bcac\" data-element_type=\"container\">\n\t\t\t\t<div class=\"elementor-element elementor-element-351145a elementor-widget elementor-widget-heading\" data-id=\"351145a\" data-element_type=\"widget\" data-widget_type=\"heading.default\">\n\t\t\t\t<div class=\"elementor-widget-container\">\n\t\t\t\t\t<h2 class=\"elementor-heading-title elementor-size-default\">Fazit<\/h2>\t\t\t\t<\/div>\n\t\t\t\t<\/div>\n\t\t\t\t<div class=\"elementor-element elementor-element-2f40713 elementor-widget elementor-widget-text-editor\" data-id=\"2f40713\" data-element_type=\"widget\" data-widget_type=\"text-editor.default\">\n\t\t\t\t<div class=\"elementor-widget-container\">\n\t\t\t\t\t\t\t\t\t<p>F\u00fcr die meisten ist dies eine einmalige Gelegenheit, einer Baby-Schildkr\u00f6te unglaublich nahe zu kommen und ihr auf ihrem Weg in eine bessere Zukunft zu helfen. Gleichzeitig tragen Sie dazu bei, die Zahl der Schildkr\u00f6ten in unseren Ozeanen zu erh\u00f6hen! Wir k\u00f6nnen gar nicht genug betonen, wie begehrt diese Veranstaltung ist und wie gro\u00df der Andrang ist. Lassen Sie uns also wissen, wenn Sie mehr Informationen \u00fcber die n\u00e4chste Veranstaltung w\u00fcnschen, und wir werden versuchen, Ihnen so gut wie m\u00f6glich zu helfen!<\/p>\n\t\t\t\t\t\t\t\t<\/div>\n\t\t\t\t<\/div>\n\t\t\t\t<div class=\"elementor-element elementor-element-4afca5a elementor-widget-divider--view-line elementor-widget elementor-widget-divider\" data-id=\"4afca5a\" data-element_type=\"widget\" data-widget_type=\"divider.default\">\n\t\t\t\t<div class=\"elementor-widget-container\">\n\t\t\t\t\t\t\t<div class=\"elementor-divider\">\n\t\t\t<span class=\"elementor-divider-separator\">\n\t\t\t\t\t\t<\/span>\n\t\t<\/div>\n\t\t\t\t\t\t<\/div>\n\t\t\t\t<\/div>\n\t\t\t\t<\/div>\n\t\t\t\t\t<\/div>\n\t\t\t\t<\/div>\n\t\t\t\t<\/div>\n\t\t","protected":false},"excerpt":{"rendered":"<p>Ein tolles Erlebnis f\u00fcr Jung und Alt! Von Ende April bis Anfang Oktober legen die Schildkr\u00f6ten jedes Jahr ihre Eier an den Str\u00e4nden von Bali ab. Diese Eier werden eingesammelt und in eine sichere Umgebung gebracht, bis sie schl\u00fcpfen, wo sie dann wieder in die Umwelt entlassen werden. Hier k\u00f6nnen Sie sich einbringen! Standort: Kuta &hellip; <a href=\"https:\/\/jbvillasbali.com\/de\/aktivitaeten__trashed\/nehmen-sie-an-einer-schildkroetenbefreiung-teil__trashed\/\" class=\"more-link\">Weiterlesen <span class=\"screen-reader-text\"> &#8222;Nehmen Sie an einer Schildkr\u00f6tenbefreiung teil&#8220;<\/span><\/a><\/p>\n","protected":false},"author":1,"featured_media":4907,"parent":4986,"menu_order":0,"comment_status":"closed","ping_status":"closed","template":"","meta":{"_monsterinsights_skip_tracking":false,"_monsterinsights_sitenote_active":false,"_monsterinsights_sitenote_note":"","_monsterinsights_sitenote_category":0,"advanced_seo_description":"","jetpack_seo_html_title":"","jetpack_seo_noindex":false,"jetpack_post_was_ever_published":false,"footnotes":""},"class_list":["post-4964","page","type-page","status-publish","has-post-thumbnail","hentry"],"jetpack_sharing_enabled":true,"jetpack_likes_enabled":true,"_links":{"self":[{"href":"https:\/\/jbvillasbali.com\/de\/wp-json\/wp\/v2\/pages\/4964","targetHints":{"allow":["GET"]}}],"collection":[{"href":"https:\/\/jbvillasbali.com\/de\/wp-json\/wp\/v2\/pages"}],"about":[{"href":"https:\/\/jbvillasbali.com\/de\/wp-json\/wp\/v2\/types\/page"}],"author":[{"embeddable":true,"href":"https:\/\/jbvillasbali.com\/de\/wp-json\/wp\/v2\/users\/1"}],"replies":[{"embeddable":true,"href":"https:\/\/jbvillasbali.com\/de\/wp-json\/wp\/v2\/comments?post=4964"}],"version-history":[{"count":3,"href":"https:\/\/jbvillasbali.com\/de\/wp-json\/wp\/v2\/pages\/4964\/revisions"}],"predecessor-version":[{"id":5740,"href":"https:\/\/jbvillasbali.com\/de\/wp-json\/wp\/v2\/pages\/4964\/revisions\/5740"}],"up":[{"embeddable":true,"href":"https:\/\/jbvillasbali.com\/de\/wp-json\/wp\/v2\/pages\/4986"}],"wp:featuredmedia":[{"embeddable":true,"href":"https:\/\/jbvillasbali.com\/de\/wp-json\/wp\/v2\/pages\/4907"}],"wp:attachment":[{"href":"https:\/\/jbvillasbali.com\/de\/wp-json\/wp\/v2\/media?parent=4964"}],"curies":[{"name":"wp","href":"https:\/\/api.w.org\/{rel}","templated":true}]}}